{"id":4635,"date":"2026-04-30T09:16:37","date_gmt":"2026-04-30T07:16:37","guid":{"rendered":"https:\/\/theoceanconnections.com\/?page_id=4635"},"modified":"2026-05-05T19:43:22","modified_gmt":"2026-05-05T17:43:22","slug":"salud","status":"publish","type":"page","link":"https:\/\/theoceanconnections.com\/es\/inicio\/salud\/","title":{"rendered":"Salud"},"content":{"rendered":"<h1><strong>Salud<\/strong><\/h1>\n<p><img decoding=\"async\" loading=\"lazy\" src=\"https:\/\/theoceanconnections.com\/wp-content\/uploads\/2026\/05\/Health-Header.webp\"><noscript><img decoding=\"async\" src=\"https:\/\/theoceanconnections.com\/wp-content\/uploads\/2026\/05\/Health-Header.webp\"><\/noscript><\/p>\n<h1><strong>El oc\u00e9ano siempre ha sido bueno para nosotros.<\/strong><\/h1>\n<h1><strong><span style=\"color: #2593FA;\">Ahora sabemos por qu\u00e9.<\/span><\/strong><\/h1>\n<p>La salud es conexi\u00f3n. Con nosotros mismos, con nuestro entorno, con el mundo azul que cubre el 71% del planeta y atraviesa el 73% de nuestro cerebro.<\/p>\n<p>La investigaci\u00f3n confirma lo que surfistas, pescadores y comunidades costeras saben desde hace generaciones: la proximidad al oc\u00e9ano reduce el estr\u00e9s, restaura la atenci\u00f3n y fortalece el equilibrio emocional. La neurociencia empieza a poner nombre y mapa a lo que el cuerpo ya sab\u00eda. El mar no solo se ve bien. Funciona.<\/p>\n<p>Este es el espacio donde el oc\u00e9ano y el bienestar humano se encuentran. Pensado para l\u00edderes, organizaciones y marcas que entienden que proteger el oc\u00e9ano y protegernos a nosotros mismos es exactamente lo mismo.<\/p>\n","protected":false},"excerpt":{"rendered":"<p>Salud El oc\u00e9ano siempre ha sido bueno para nosotros. Ahora sabemos por qu\u00e9. La salud es conexi\u00f3n. Con nosotros mismos, con nuestro entorno, con el mundo azul que cubre el 71% del planeta y atraviesa el 73% de nuestro cerebro. La investigaci\u00f3n confirma lo que surfistas, pescadores y comunidades costeras saben desde hace generaciones: la proximidad al oc\u00e9ano reduce el estr\u00e9s, restaura la atenci\u00f3n y fortalece el equilibrio emocional. La neurociencia empieza a poner nombre y mapa a lo que [&hellip;]<\/p>\n","protected":false},"author":2,"featured_media":4570,"parent":3198,"menu_order":0,"comment_status":"closed","ping_status":"closed","template":"","meta":{"footnotes":""},"class_list":["post-4635","page","type-page","status-publish","has-post-thumbnail","hentry"],"_links":{"self":[{"href":"https:\/\/theoceanconnections.com\/es\/wp-json\/wp\/v2\/pages\/4635","targetHints":{"allow":["GET"]}}],"collection":[{"href":"https:\/\/theoceanconnections.com\/es\/wp-json\/wp\/v2\/pages"}],"about":[{"href":"https:\/\/theoceanconnections.com\/es\/wp-json\/wp\/v2\/types\/page"}],"author":[{"embeddable":true,"href":"https:\/\/theoceanconnections.com\/es\/wp-json\/wp\/v2\/users\/2"}],"replies":[{"embeddable":true,"href":"https:\/\/theoceanconnections.com\/es\/wp-json\/wp\/v2\/comments?post=4635"}],"version-history":[{"count":10,"href":"https:\/\/theoceanconnections.com\/es\/wp-json\/wp\/v2\/pages\/4635\/revisions"}],"predecessor-version":[{"id":4654,"href":"https:\/\/theoceanconnections.com\/es\/wp-json\/wp\/v2\/pages\/4635\/revisions\/4654"}],"up":[{"embeddable":true,"href":"https:\/\/theoceanconnections.com\/es\/wp-json\/wp\/v2\/pages\/3198"}],"wp:featuredmedia":[{"embeddable":true,"href":"https:\/\/theoceanconnections.com\/es\/wp-json\/wp\/v2\/media\/4570"}],"wp:attachment":[{"href":"https:\/\/theoceanconnections.com\/es\/wp-json\/wp\/v2\/media?parent=4635"}],"curies":[{"name":"wp","href":"https:\/\/api.w.org\/{rel}","templated":true}]}}