{"id":3915,"date":"2026-03-09T07:40:23","date_gmt":"2026-03-09T06:40:23","guid":{"rendered":"https:\/\/theoceanconnections.com\/?page_id=3915"},"modified":"2026-04-01T09:00:11","modified_gmt":"2026-04-01T07:00:11","slug":"xavier-rubio-franch","status":"publish","type":"page","link":"https:\/\/theoceanconnections.com\/es\/entrevistas\/xavier-rubio-franch\/","title":{"rendered":"Xavier Rubio Franch"},"content":{"rendered":"<h1>Xavier Rubio Franch<\/h1>\n<p><img decoding=\"async\" loading=\"lazy\" src=\"https:\/\/news.theoceanconnections.com\/wp-content\/uploads\/2026\/03\/Xavier-Rubio-Franch_HEADER.webp\"><noscript><img decoding=\"async\" src=\"https:\/\/news.theoceanconnections.com\/wp-content\/uploads\/2026\/03\/Xavier-Rubio-Franch_HEADER.webp\"><\/noscript><\/p>\n<h2>Xavier Rubio Franch<\/h2>\n<p>Creador de Green Storydoing y Blue Storydoing, Founder &amp; CEO de Old Surfer, Creador de The Ocean Connections, Presidente de la Foundation for Sustainable Consumption.<\/p>\n<p><img decoding=\"async\" loading=\"lazy\" src=\"https:\/\/news.theoceanconnections.com\/wp-content\/uploads\/2026\/03\/hf_20260205_103053_6fd9fa3f-0834-41d9-8e15-5561e9ad3661-4.webp\"><noscript><img decoding=\"async\" src=\"https:\/\/news.theoceanconnections.com\/wp-content\/uploads\/2026\/03\/hf_20260205_103053_6fd9fa3f-0834-41d9-8e15-5561e9ad3661-4.webp\"><\/noscript><\/p>\n<h2>Conectar l\u00edderes de cambio, es lo que potencia el cambio.<\/h2>\n<p>Xavier Rubio Franch es el CEO y Fundador de @OldSurfer, una agencia de cambio especializada en conectar la sostenibilidad con las empresas, instituciones y marcas, con un objetivo muy claro, pasar del storytelling al storydoing.<\/p>\n<p>Adem\u00e1s es Presidente de la Foundation For Sustainable Consumption. Una Fundaci\u00f3n en EEUU que trabaja para lograr cambios de comportamiento sostenibles por parte de los consumidores.<\/p>\n<p>Pero por encima de cualquier otra cosa, es surfero y sabe mejor que nadie que no hay ola igual a otra. Es por ello que su hija se llama Ona (ola de mar en catal\u00e1n). Gracias a esa conexi\u00f3n con el mar, vive en Miami y trabaja con clientes de todo el mundo ya que como \u00e9l dice, quien conoce alguna esquina en los oc\u00e9anos.<\/p>\n<p>Xavier y Old Surfer forman parte de Ocean Connections. Los l\u00edderes del cambio sostenible a bordo de la primera comunidad del mundo en acci\u00f3n por los oc\u00e9anos.<\/p>\n<h2>1. El concepto de Blue Storydoing empieza a sonar como una nueva narrativa en la sostenibilidad. \u00bfQu\u00e9 significa para ti y por qu\u00e9 surge justo ahora?<\/h2>\n<p>Para m\u00ed, el Blue Storydoing es una evoluci\u00f3n natural del Green Storydoing: pasar de contar sostenibilidad a vivirla, pero esta vez enfoc\u00e1ndonos en los oc\u00e9anos. Nace de la urgencia de conectar proyectos reales de la Blue Economy con relatos tangibles que emocionen, integren y activen comunidades. Existe toda una innovaci\u00f3n oce\u00e1nica, pero permanece invisible: el Blue Storydoing busca cambiar esto.<\/p>\n<p>El Green Storydoing marc\u00f3 un punto y aparte en la manera de comunicar la sostenibilidad, con un relato cre\u00edble, aspiracional y conectado con datos y consumidores. Ahora es el momento de presentar un nuevo marco narrativo para transformar la innovaci\u00f3n oce\u00e1nica en experiencias vividas capaces de inspirar y movilizar a la sociedad.<\/p>\n<p><img decoding=\"async\" loading=\"lazy\" src=\"https:\/\/news.theoceanconnections.com\/wp-content\/uploads\/2026\/03\/hf_20260205_102448_a2a2e83d-038d-40ce-b5cd-06c6c8c39a37-2.webp\"><noscript><img decoding=\"async\" src=\"https:\/\/news.theoceanconnections.com\/wp-content\/uploads\/2026\/03\/hf_20260205_102448_a2a2e83d-038d-40ce-b5cd-06c6c8c39a37-2.webp\"><\/noscript><\/p>\n<h2>2. \u00bfQu\u00e9 papel juega The Ocean Connections dentro de este nuevo marco narrativo?<\/h2>\n<p>The Ocean Connections es una plataforma de contenido dise\u00f1ada para amplificar esas acciones azules. Es un espacio donde proyectos que regeneran, limpian o transforman el mar encuentran voz, visibilidad y credibilidad. No es solo comunicaci\u00f3n: es un puente entre acci\u00f3n, relato, comunidad y econom\u00eda azul.<\/p>\n<p>Es una plataforma que une ciencia y relato. Queremos construir un espacio donde las acciones se conviertan en relatos vivos.<\/p>\n<h2>3. Del Green Storydoing al oc\u00e9ano: \u00bfqu\u00e9 aprendizajes te llevas para aplicar en este nuevo enfoque?<\/h2>\n<p>Creamos el Green Storydoing para transformar promesas en hechos, ya que sin hechos no hay relatos. Aprendimos que, sin transparencia ni respaldo real, las palabras pierden fuerza. En esta nueva etapa, aplicada al oc\u00e9ano, cada historia debe construirse sobre acciones verificables, colaboraciones reales \u2014como asociaciones con instituciones reconocidas\u2014 y un mensaje claro que movilice a la gente.<\/p>\n<p>Lo que hicimos fue pasar del famoso storytelling al storydoing.<\/p>\n<h2>4. La innovaci\u00f3n azul existe, pero pocas veces se ve. \u00bfCu\u00e1les son los grandes retos y oportunidades para darle visibilidad?<\/h2>\n<p>El principal reto es combatir el desconocimiento: pocos ven lo que ocurre bajo la superficie, y muchas veces los relatos son muy t\u00e9cnicos y complejos de comprender. Pero ah\u00ed est\u00e1 la oportunidad: traer esas historias al frente puede inspirar, movilizar y acelerar el cambio. Cuando la gente \u201cve, entiende y se conecta\u201d con la acci\u00f3n, se convierte en part\u00edcipe y embajadora del cambio.<\/p>\n<p>Llevamos a\u00f1os hablando de sostenibilidad desde la tierra, pero olvidamos que el planeta es oc\u00e9ano en un 70%. All\u00ed est\u00e1 la vida tambi\u00e9n, y en ese color azul nos jugamos el futuro de la humanidad.<\/p>\n<p>Otro factor a destacar es el potencial que tiene el oc\u00e9ano en la econom\u00eda global. Seg\u00fan WWF, si el oc\u00e9ano fuese un pa\u00eds, ser\u00eda la s\u00e9ptima mayor econom\u00eda del mundo. Y todo esto sucede mientras desconocemos lo que ocurre a pocos kil\u00f3metros de nuestras costas.<\/p>\n<h2>5. \u00bfC\u00f3mo se traduce el impacto del Blue Storydoing en sostenibilidad real?<\/h2>\n<p>El oc\u00e9ano tiene un papel fundamental en la defensa contra el cambio clim\u00e1tico y en el sostenimiento de toda la vida en la Tierra. Pero el impacto va m\u00e1s all\u00e1 del medio ambiente: hablamos tambi\u00e9n de transformaci\u00f3n social y econ\u00f3mica.<\/p>\n<p>La sostenibilidad verdadera requiere relato, comunidad y acci\u00f3n. El Blue Storydoing conecta todo eso: credibilidad, visibilidad, engagement y sostenibilidad, los cuatro ejes que permiten escalar proyectos reales.<\/p>\n<h2>6. Liderar esta visi\u00f3n implica tambi\u00e9n una conexi\u00f3n personal. \u00bfQu\u00e9 te inspira a hacerlo?<\/h2>\n<p>He vivido el mar desde siempre. Soy surfista, y para m\u00ed el oc\u00e9ano es tanto fuente de inspiraci\u00f3n como voz que necesita ser escuchada. Mi compromiso surgi\u00f3 de esa conexi\u00f3n: no hay dos olas iguales, y cada iniciativa que cambia el oc\u00e9ano merece ser contada, vivida y compartida.<\/p>\n<h2>7. Hablamos de un ecosistema amplio. \u00bfQu\u00e9 tipo de proyectos pueden formar parte de The Ocean Connections?<\/h2>\n<p>Proyectos diversos: desde startups que limpian micropl\u00e1sticos o crean materiales reciclados, hasta iniciativas de pesca regenerativa, cient\u00edficos de National Geographic, fundaciones que a trav\u00e9s del surf reconectan a ni\u00f1os con autismo, energ\u00eda marina renovable, turismo azul responsable, jugadores de la NBA que quieren proteger los oc\u00e9anos, chefs con estrellas Michelin, movimientos que pretenden cambiar industrias, m\u00fasicos que quieren proteger el Mediterr\u00e1neo (el mar m\u00e1s contaminado del mundo) o comunidades costeras regenerativas.<\/p>\n<p>Si proyectan acci\u00f3n real desde el oc\u00e9ano, encajan en esta plataforma, y nosotros les ayudamos a contarlas a trav\u00e9s del Blue Storydoing.<\/p>\n<h2>8. Para cerrar, \u00bfcu\u00e1l es el mensaje que dejas a quienes quieran sumarse a esta red azul?<\/h2>\n<p>Que este relato es una llamada colectiva: sin azul no hay verde. Si queremos un futuro sostenible, debemos conectar con los oc\u00e9anos, amplificar sus historias y vivir la sostenibilidad desde el mar.<\/p>\n<p>The Ocean Connections es el espacio donde esas acciones se convierten en movimiento.<\/p>\n<h2><strong>Sum\u00e9rgete en todas las entrevistas<\/strong><\/h2>\n","protected":false},"excerpt":{"rendered":"<p>Xavier Rubio Franch Xavier Rubio Franch Creador de Green Storydoing y Blue Storydoing, Founder &amp; CEO de Old Surfer, Creador de The Ocean Connections, Presidente de la Foundation for Sustainable Consumption. Conectar l\u00edderes de cambio, es lo que potencia el cambio. Xavier Rubio Franch es el CEO y Fundador de @OldSurfer, una agencia de cambio especializada en conectar la sostenibilidad con las empresas, instituciones y marcas, con un objetivo muy claro, pasar del storytelling al storydoing. Adem\u00e1s es Presidente de [&hellip;]<\/p>\n","protected":false},"author":1,"featured_media":2610,"parent":3235,"menu_order":0,"comment_status":"closed","ping_status":"closed","template":"","meta":{"footnotes":""},"class_list":["post-3915","page","type-page","status-publish","has-post-thumbnail","hentry"],"_links":{"self":[{"href":"https:\/\/theoceanconnections.com\/es\/wp-json\/wp\/v2\/pages\/3915","targetHints":{"allow":["GET"]}}],"collection":[{"href":"https:\/\/theoceanconnections.com\/es\/wp-json\/wp\/v2\/pages"}],"about":[{"href":"https:\/\/theoceanconnections.com\/es\/wp-json\/wp\/v2\/types\/page"}],"author":[{"embeddable":true,"href":"https:\/\/theoceanconnections.com\/es\/wp-json\/wp\/v2\/users\/1"}],"replies":[{"embeddable":true,"href":"https:\/\/theoceanconnections.com\/es\/wp-json\/wp\/v2\/comments?post=3915"}],"version-history":[{"count":15,"href":"https:\/\/theoceanconnections.com\/es\/wp-json\/wp\/v2\/pages\/3915\/revisions"}],"predecessor-version":[{"id":3959,"href":"https:\/\/theoceanconnections.com\/es\/wp-json\/wp\/v2\/pages\/3915\/revisions\/3959"}],"up":[{"embeddable":true,"href":"https:\/\/theoceanconnections.com\/es\/wp-json\/wp\/v2\/pages\/3235"}],"wp:featuredmedia":[{"embeddable":true,"href":"https:\/\/theoceanconnections.com\/es\/wp-json\/wp\/v2\/media\/2610"}],"wp:attachment":[{"href":"https:\/\/theoceanconnections.com\/es\/wp-json\/wp\/v2\/media?parent=3915"}],"curies":[{"name":"wp","href":"https:\/\/api.w.org\/{rel}","templated":true}]}}