{"id":3380,"date":"2026-03-11T08:31:08","date_gmt":"2026-03-11T07:31:08","guid":{"rendered":"https:\/\/news.theoceanconnections.com\/?page_id=3380"},"modified":"2026-03-11T08:31:59","modified_gmt":"2026-03-11T07:31:59","slug":"ramon-mirabet-travesia-2026-sin-azul-no-hay-verde","status":"publish","type":"page","link":"https:\/\/theoceanconnections.com\/es\/ramon-mirabet-travesia-2026-sin-azul-no-hay-verde\/","title":{"rendered":"Ramon\u00a0Mirabet,\u00a0Traves\u00eda\u00a02026. Sin\u00a0azul\u00a0no\u00a0hay\u00a0verde."},"content":{"rendered":"<h1><strong>Sin azul no hay verde<\/strong><\/h1>\n<p><img decoding=\"async\" loading=\"lazy\" src=\"https:\/\/news.theoceanconnections.com\/wp-content\/uploads\/2026\/03\/Ramon-Mirabe.webp\"><noscript><img decoding=\"async\" src=\"https:\/\/news.theoceanconnections.com\/wp-content\/uploads\/2026\/03\/Ramon-Mirabe.webp\"><\/noscript><\/p>\n<p><span style=\"color: inherit;\"><span style=\"font-size: 18px\"><span style=\"font-family: Inter\">En este World Ocean Day 2025 presentamos Sin Azul no hay Verde con un adelanto de lo que ser\u00e1 la Traves\u00eda de Ramon Mirabet en 2026. Sin Azul no hay Verde es una iniciativa liderada por Ramon Mirabet y<\/span><\/span><\/span><span style=\"color: #1ec2f0\"><a href=\"https:\/\/oldsurfer.com\/\" target=\"_blank\" rel=\"noopener noreferrer\"><span style=\"font-size: 18px\"><span style=\"font-family: Inter\">&nbsp;Old Surfer<\/span><\/span><\/a><\/span><span style=\"font-size: 18px\"><span style=\"font-family: Inter\">, la agencia de cambio dedicada a conectar la sostenibilidad con el consumidor. El proyecto nace con el objetivo de divulgar, concientizar y generar fondos para acciones destinadas a la protecci\u00f3n del mar Mediterr\u00e1neo y su biodiversidad. Sin azul no hay verde, muy pronto ser\u00e1 una canci\u00f3n y hoy, ya es un llamado a la acci\u00f3n conjunta y abierto a la participaci\u00f3n de todos.<\/span><\/span><\/p>\n<p><strong>El proyecto<\/strong><\/p>\n<p>Sin azul no hay verde es el t\u00edtulo y coraz\u00f3n del proyecto que lidera Ramon Mirabet para su traves\u00eda 2026, con escenarios y presentaciones en diversos puntos de las costas del Mediterr\u00e1neo.<\/p>\n<p>Sin Azul no hay Verde tambi\u00e9n ser\u00e1 el t\u00edtulo de la canci\u00f3n de difusi\u00f3n de su Traves\u00eda 2026, una iniciativa que nace con el objetivo de colaborar activamente con la protecci\u00f3n del mar Mediterr\u00e1neo, pues el 100% de lo recaudado por la canci\u00f3n ser\u00e1 destinado a ONG\u2019s y fundaciones que dediquen el 100% de sus esfuerzos en acciones por el cuidado del Mediterr\u00e1neo. Desde hoy, Ramon nos invita junto con Observadores del Mar a sumarnos a la causa, y muy pronto al coro, porque si la causa es de todos el coro tambi\u00e9n lo ser\u00e1.<\/p>\n<p>Pr\u00f3ximamente iremos sumando y compartiendo los proyectos cient\u00edficos de entidades y fundaciones y la participaci\u00f3n empresas que ir\u00e1n sum\u00e1ndose al proyecto para que juntos, logremos hacer de esta causa un movimiento cada d\u00eda m\u00e1s grande. Es por todo esto que, Sin Azul no hay Verde, es mucho m\u00e1s que la canci\u00f3n de una gira, es un movimiento, porque es m\u00fasica y no hay m\u00fasica sin movimiento.<\/p>\n<p><strong>Observadores del Mar, porque sin observaci\u00f3n, no hay cambio.<\/strong><\/p>\n<p>Contar con el apoyo de Observadores del Mar significa formar parte de una red de ciencia ciudadana dedicada a la investigaci\u00f3n y conservaci\u00f3n del medio marino. Esta plataforma re\u00fane a voluntarios y cient\u00edficos para recopilar datos sobre la vida marina y el impacto del cambio clim\u00e1tico. Gracias a esta colaboraci\u00f3n, Ramon Mirabet y la Traves\u00eda 2026 Sin Azul no hay Verde, cuentan con el respaldo de una plataforma con m\u00e1s de 50 cient\u00edficos y numerosos voluntarios, fundamentales para un uso m\u00e1s eficiente de los fondos recaudados por la canci\u00f3n Sin Azul no Hay Verde en su Traves\u00eda 2026 por la protecci\u00f3n del Mediterr\u00e1neo.<\/p>\n","protected":false},"excerpt":{"rendered":"<p>Sin azul no hay verde En este World Ocean Day 2025 presentamos Sin Azul no hay Verde con un adelanto de lo que ser\u00e1 la Traves\u00eda de Ramon Mirabet en 2026. Sin Azul no hay Verde es una iniciativa liderada por Ramon Mirabet y&nbsp;Old Surfer, la agencia de cambio dedicada a conectar la sostenibilidad con el consumidor. El proyecto nace con el objetivo de divulgar, concientizar y generar fondos para acciones destinadas a la protecci\u00f3n del mar Mediterr\u00e1neo y su [&hellip;]<\/p>\n","protected":false},"author":1,"featured_media":3228,"parent":0,"menu_order":0,"comment_status":"closed","ping_status":"closed","template":"","meta":{"footnotes":""},"class_list":["post-3380","page","type-page","status-publish","has-post-thumbnail","hentry"],"_links":{"self":[{"href":"https:\/\/theoceanconnections.com\/es\/wp-json\/wp\/v2\/pages\/3380","targetHints":{"allow":["GET"]}}],"collection":[{"href":"https:\/\/theoceanconnections.com\/es\/wp-json\/wp\/v2\/pages"}],"about":[{"href":"https:\/\/theoceanconnections.com\/es\/wp-json\/wp\/v2\/types\/page"}],"author":[{"embeddable":true,"href":"https:\/\/theoceanconnections.com\/es\/wp-json\/wp\/v2\/users\/1"}],"replies":[{"embeddable":true,"href":"https:\/\/theoceanconnections.com\/es\/wp-json\/wp\/v2\/comments?post=3380"}],"version-history":[{"count":6,"href":"https:\/\/theoceanconnections.com\/es\/wp-json\/wp\/v2\/pages\/3380\/revisions"}],"predecessor-version":[{"id":3387,"href":"https:\/\/theoceanconnections.com\/es\/wp-json\/wp\/v2\/pages\/3380\/revisions\/3387"}],"wp:featuredmedia":[{"embeddable":true,"href":"https:\/\/theoceanconnections.com\/es\/wp-json\/wp\/v2\/media\/3228"}],"wp:attachment":[{"href":"https:\/\/theoceanconnections.com\/es\/wp-json\/wp\/v2\/media?parent=3380"}],"curies":[{"name":"wp","href":"https:\/\/api.w.org\/{rel}","templated":true}]}}