{"id":2687,"date":"2026-03-04T11:38:46","date_gmt":"2026-03-04T10:38:46","guid":{"rendered":"https:\/\/news.theoceanconnections.com\/?page_id=2687"},"modified":"2026-03-28T08:31:23","modified_gmt":"2026-03-28T07:31:23","slug":"noelia-hernandez-munoz","status":"publish","type":"page","link":"https:\/\/theoceanconnections.com\/es\/entrevistas\/noelia-hernandez-munoz\/","title":{"rendered":"Noelia Herna\u0301ndez Mun\u0303oz"},"content":{"rendered":"<h1><strong>Entrevista: Noelia Hern\u00e1ndez Mu\u00f1oz<\/strong><\/h1>\n<p><img decoding=\"async\" loading=\"lazy\" src=\"https:\/\/theoceanconnections.com\/wp-content\/uploads\/2026\/03\/Noelia-Hernandez-Munoz.webp\"><noscript><img decoding=\"async\" src=\"https:\/\/theoceanconnections.com\/wp-content\/uploads\/2026\/03\/Noelia-Hernandez-Munoz.webp\"><\/noscript><\/p>\n<h4>Ocean\u00f3grafa, Doctora en ecolog\u00eda marina y exploradora de&nbsp;<a href=\"https:\/\/www.nationalgeographic.com.es\/\" rel=\"\">National Geographic<\/a><\/h4>\n<p>Conect\u00e1ndolo todo por su devoci\u00f3n a los oc\u00e9anos<\/p>\n<p>Noelia Hern\u00e1ndez Mu\u00f1oz es Ocean\u00f3grafa, exploradora de National Geographic y Doctora en Ecolog\u00eda Marina. Su trabajo se centra en proteger y restaurar h\u00e1bitats marinos de una manera interdisciplinar a trav\u00e9s de; la ciencia, la interacci\u00f3n con la pol\u00edtica, la participaci\u00f3n comunitaria y la educaci\u00f3n ambiental. En los \u00faltimos a\u00f1os ha trabajado como directora cient\u00edfica de Osa Conservation, una ONG en Costa Rica, dirigiendo diferentes proyectos de conservaci\u00f3n marina y trabajando en la creaci\u00f3n de un \u00e1rea marina protegida. Actualmente trabaja en Espa\u00f1a, liderando un estudio de econom\u00eda azul sobre los beneficios que un medio marino saludable genera en la econom\u00eda local y coordinando proyectos de conservaci\u00f3n marina orientados a proteger y recuperar el Mediterr\u00e1neo.<\/p>\n<h2><strong>1. Cu\u00e9ntanos lo que est\u00e1s haciendo hoy en favor de la sostenibilidad y \u00bfpor qu\u00e9 lo haces?<\/strong><\/h2>\n<p>Sin un oc\u00e9ano saludable no ser\u00eda posible la vida en la tierra, pero cada d\u00eda son m\u00e1s los impactos y la degradaci\u00f3n que sufren nuestros mares. Para tener un oc\u00e9ano en buen estado a lo largo de los a\u00f1os, trabajo en diferentes proyectos que involucran ciencia, incidencia pol\u00edtica, educaci\u00f3n y comunicaci\u00f3n para conservar ecosistemas marinos y hacer un uso sostenible de los recursos marinos. Actualmente uno de los grandes objetivos en los que trabajo es ayudar a recuperar el Mar Mediterr\u00e1neo, trabajando en la creaci\u00f3n de \u00e1reas marinas protegidas, restauraci\u00f3n de praderas de posidonia oce\u00e1nica, conservaci\u00f3n de gorgonias y otras especies que se encuentran amenazadas.<\/p>\n<p><img decoding=\"async\" loading=\"lazy\" src=\"https:\/\/news.theoceanconnections.com\/wp-content\/uploads\/2026\/03\/hf_20260202_092826_6567e730-07f7-4829-bd57-96aa015c94ee-2.webp\"><noscript><img decoding=\"async\" src=\"https:\/\/news.theoceanconnections.com\/wp-content\/uploads\/2026\/03\/hf_20260202_092826_6567e730-07f7-4829-bd57-96aa015c94ee-2.webp\"><\/noscript><\/p>\n<h2><strong>2. Cu\u00e9ntanos \u00bfcu\u00e1l es para ti el rol que tiene o deber\u00eda tener la innovaci\u00f3n para el cambio sostenible?<\/strong><\/h2>\n<p>Igual que el ser humano ha tenido un gran impacto durante d\u00e9cadas, tambi\u00e9n es capaz de hacer cosas incre\u00edbles y usar el conocimiento y la innovaci\u00f3n para ayudar a proteger el medio ambiente. Hace a\u00f1os no se dispon\u00eda de cierta tecnolog\u00eda que actualmente est\u00e1 siendo de gran ayuda en conservaci\u00f3n marina; desde c\u00e1maras que pueden grabar a gran profundidad y aportan informaci\u00f3n muy valiosa de los fondos oce\u00e1nicos, uso de marcas en animales que permite conocer sus movimientos\/migraciones, sistemas tecnol\u00f3gicos que permiten la vigilancia y control de zonas protegidas o actividades ilegales e incluso el uso de apps que permite acercar la ciencia a los ciudadanos y utilizar esa informaci\u00f3n para mejorar la protecci\u00f3n de especies. Tambi\u00e9n la innovaci\u00f3n permite acercar m\u00e1s el medio ambiente a la gente, ayudando a que las personas valoren m\u00e1s la naturaleza y conozcan la necesidad de protegerlo. Uno de los proyectos que termin\u00e9 recientemente, fue un video inmersivo 360\u00ba en La Pen\u00ednsula de Osa en Costa Rica, donde mediante unas gafas de realidad virtual la gente tiene la oportunidad de bucear y conocer la importancia ecol\u00f3gica de esa zona. Este tipo de herramientas es de gran utilidad, ya que permite acercar un medio tan complejo como el medio marino a todo el mundo, de una manera m\u00e1s inmersiva\/real que un video normal.<\/p>\n<h2><strong>3. Ahora conectemos con The Ocean Connections. \u00bfCu\u00e1l es tu conexi\u00f3n personal con los oc\u00e9anos?<\/strong><\/h2>\n<p>Nac\u00ed en \u00c1vila, pero desde que era ni\u00f1a so\u00f1aba con ser bi\u00f3loga marina. Mi padre pon\u00eda documentales en la televisi\u00f3n y recuerdo que todo lo que ve\u00eda me fascinaba; as\u00ed fue como creci\u00f3 mi inter\u00e9s en los oc\u00e9anos. Ni siquiera puedo decir a qu\u00e9 edad empec\u00e9 a decir que quer\u00eda ser bi\u00f3loga, ya que recuerdo de siempre decir que yo quer\u00eda trabajar en el mar con animales marinos. Si recuerdo que al principio dec\u00eda de querer trabajar con delfines y orcas, lo t\u00edpico, pero luego me empezaron apasionar mucho los tiburones y con el tiempo incluso otras especies como los nudibranquios. Lo normal, siendo de \u00c1vila, habr\u00eda sido que hubiese querido trabajar con lobos, los cuales tambi\u00e9n me gustan, pero ten\u00eda muy claro que quer\u00eda trabajar en el mar. El oc\u00e9ano me da calma, pero sobre todo mucha felicidad y alegr\u00eda. Cuando salgo de bucear muchos amigos me dicen que salgo sonriente del mar.<\/p>\n<h2><strong>4. Tu perfil dice: PhD in Marine Ecology \/ National Geographic Explorer \/ Marine Conservation. Cu\u00e9ntanos el origen de tanta vocaci\u00f3n por los oc\u00e9anos, queremos conocer c\u00f3mo, cu\u00e1ndo y por qu\u00e9 comenzaste a andar este camino.<\/strong><\/h2>\n<p>Como comentaba anteriormente, mi vocaci\u00f3n empez\u00f3 viendo en la tevisi\u00f3n documentales, im\u00e1genes submarinas. Entonces no sab\u00eda que los oc\u00e9anos estaban en peligro, pero era tan incre\u00edble lo que ve\u00eda, que ten\u00eda claro que quer\u00eda ser cient\u00edfica\/bi\u00f3loga marina. Mi primera lucha fue conseguir estudiar la carrera, por aquel entonces era deportista y parec\u00eda que lo ideal era que estudiara INEF u otra carrera que tuviera mas salidas. A pesar de ello, mis padres me apoyaron y estudi\u00e9 Ciencias del Mar. Desde el primer a\u00f1o de universidad, ten\u00eda claro que quer\u00eda trabajar en conservaci\u00f3n marina, aunque la verdad no sab\u00eda muy bien c\u00f3mo llegar a ello. Durante la carrera fue creciendo en m\u00ed el inter\u00e9s de trabajar en conservaci\u00f3n de tiburones, algo que parec\u00eda misi\u00f3n imposible en Espa\u00f1a. Fui alumna colaboradora del departamento de biolog\u00eda y muchos compa\u00f1eros me motivaron para hacer un doctorado. Aunque no era algo que me hab\u00eda planteado nunca, pens\u00e9 que con un doctorado tendr\u00eda una mejor formaci\u00f3n para poder trabajar en aquello que deseaba, por lo que solicit\u00e9 una beca y me seleccionaron. Hice el doctorado en un centro del CSIC en Mallorca, en Ecolog\u00eda de Poblaciones, estudiando como diferentes condiciones ambientales afectan las historias de vida (reproducci\u00f3n, supervivencia, migraciones, etc) de diferentes especies de depredadores marinos. Cuando termin\u00e9 mi doctorado, me surgieron dos grandes oportunidades laborales de conservaci\u00f3n, una en M\u00e9xico en Los Cabos y otra en Costa Rica. Decid\u00ed finalmente irme a Costa Rica, donde trabaj\u00e9 como directora de conservaci\u00f3n en una ONG, creando un programa marino desde cero. Durante los a\u00f1os que estuve all\u00ed, trabaj\u00e9 en la creaci\u00f3n de un \u00e1rea marina protegida, con pescadores artesanales, protecci\u00f3n de tortugas marinas, manglares, colaboraba con otra ONG en un proyecto de restauraci\u00f3n de corales, estudios de tiburones y rayas, buenas pr\u00e1cticas en ecoturismo, etc. Como parte del trabajo que hac\u00eda para crear un \u00e1rea marina protegida, colabor\u00e9 en una expedici\u00f3n con el equipo de Pristine Seas de National Geographic, ese fue mi primer contacto con National Geographic. Ese a\u00f1o, decid\u00ed aplicar a una beca de joven exploradora de National Geographic y me dieron la beca. Durante la expedici\u00f3n de Pristine Seas, conoc\u00ed al que actualmente es mi jefe y me dijo que quer\u00eda realizar un proyecto para recuperar el Mediterr\u00e1neo y le gustar\u00eda contar conmigo, le ped\u00ed un tiempo para terminar algunos de los proyectos con los que estaba en Costa Rica y el a\u00f1o pasado regres\u00e9 a Espa\u00f1a. Actualmente trabajo en diferentes proyectos para ayudar a recuperar el Mediterr\u00e1neo y sigo colaborando ad honorem a distancia con la ONG en Costa Rica.<\/p>\n<h2>5. \u00bfQu\u00e9 te convierte en un&nbsp;<a href=\"https:\/\/greenstorydoing.com\/\" rel=\"\">Blue Storydoer<\/a>?<\/h2>\n<p><img decoding=\"async\" loading=\"lazy\" src=\"https:\/\/news.theoceanconnections.com\/wp-content\/uploads\/2026\/03\/WebP-Image-2.webp\"><noscript><img decoding=\"async\" src=\"https:\/\/news.theoceanconnections.com\/wp-content\/uploads\/2026\/03\/WebP-Image-2.webp\"><\/noscript><\/p>\n<h2><strong>Sum\u00e9rgete en todas las entrevistas<\/strong><\/h2>\n","protected":false},"excerpt":{"rendered":"<p>Entrevista: Noelia Hern\u00e1ndez Mu\u00f1oz Ocean\u00f3grafa, Doctora en ecolog\u00eda marina y exploradora de&nbsp;National Geographic Conect\u00e1ndolo todo por su devoci\u00f3n a los oc\u00e9anos Noelia Hern\u00e1ndez Mu\u00f1oz es Ocean\u00f3grafa, exploradora de National Geographic y Doctora en Ecolog\u00eda Marina. Su trabajo se centra en proteger y restaurar h\u00e1bitats marinos de una manera interdisciplinar a trav\u00e9s de; la ciencia, la interacci\u00f3n con la pol\u00edtica, la participaci\u00f3n comunitaria y la educaci\u00f3n ambiental. En los \u00faltimos a\u00f1os ha trabajado como directora cient\u00edfica de Osa Conservation, una ONG [&hellip;]<\/p>\n","protected":false},"author":1,"featured_media":2635,"parent":3235,"menu_order":0,"comment_status":"closed","ping_status":"closed","template":"","meta":{"footnotes":""},"class_list":["post-2687","page","type-page","status-publish","has-post-thumbnail","hentry"],"_links":{"self":[{"href":"https:\/\/theoceanconnections.com\/es\/wp-json\/wp\/v2\/pages\/2687","targetHints":{"allow":["GET"]}}],"collection":[{"href":"https:\/\/theoceanconnections.com\/es\/wp-json\/wp\/v2\/pages"}],"about":[{"href":"https:\/\/theoceanconnections.com\/es\/wp-json\/wp\/v2\/types\/page"}],"author":[{"embeddable":true,"href":"https:\/\/theoceanconnections.com\/es\/wp-json\/wp\/v2\/users\/1"}],"replies":[{"embeddable":true,"href":"https:\/\/theoceanconnections.com\/es\/wp-json\/wp\/v2\/comments?post=2687"}],"version-history":[{"count":15,"href":"https:\/\/theoceanconnections.com\/es\/wp-json\/wp\/v2\/pages\/2687\/revisions"}],"predecessor-version":[{"id":3722,"href":"https:\/\/theoceanconnections.com\/es\/wp-json\/wp\/v2\/pages\/2687\/revisions\/3722"}],"up":[{"embeddable":true,"href":"https:\/\/theoceanconnections.com\/es\/wp-json\/wp\/v2\/pages\/3235"}],"wp:featuredmedia":[{"embeddable":true,"href":"https:\/\/theoceanconnections.com\/es\/wp-json\/wp\/v2\/media\/2635"}],"wp:attachment":[{"href":"https:\/\/theoceanconnections.com\/es\/wp-json\/wp\/v2\/media?parent=2687"}],"curies":[{"name":"wp","href":"https:\/\/api.w.org\/{rel}","templated":true}]}}