{"id":2681,"date":"2026-03-04T11:36:49","date_gmt":"2026-03-04T10:36:49","guid":{"rendered":"https:\/\/news.theoceanconnections.com\/?page_id=2681"},"modified":"2026-03-28T08:30:18","modified_gmt":"2026-03-28T07:30:18","slug":"antonio-espinosa-de-los-monteros","status":"publish","type":"page","link":"https:\/\/theoceanconnections.com\/es\/entrevistas\/antonio-espinosa-de-los-monteros\/","title":{"rendered":"Antonio Espinosa de los Monteros"},"content":{"rendered":"<h1><strong>Entrevista: Antonio Espinosa de los Monteros<\/strong><\/h1>\n<p><img decoding=\"async\" loading=\"lazy\" src=\"https:\/\/news.theoceanconnections.com\/wp-content\/uploads\/2026\/03\/Antonio-Espinosa-de-los-Monteros-Header.webp\"><noscript><img decoding=\"async\" src=\"https:\/\/news.theoceanconnections.com\/wp-content\/uploads\/2026\/03\/Antonio-Espinosa-de-los-Monteros-Header.webp\"><\/noscript><\/p>\n<h4><strong>CEO in Auara | One Young World TOP 15 Entrepreneur 2020.<\/strong><\/h4>\n<h2><strong>Auara<\/strong><\/h2>\n<h5><strong>Conectar con el agua, es conectar con la vida.<\/strong><\/h5>\n<p>Estudi\u00f3 Arquitectura y durante toda su carrera estuvo implicado en proyectos de cooperaci\u00f3n, viajando a pa\u00edses como Per\u00fa, Camboya, Etiop\u00eda o Burkina Faso. Fue en uno de esos viajes en los que decidi\u00f3 centrarse en el agua. Antonio Espinosa de los Monteros es CEO y cofundador de @Auara, una empresa social que embotella agua mineral en un envase 100% reciclado y reciclable para evitar que ese pl\u00e1stico llegue al mar, y que adem\u00e1s, destina todos sus beneficios a desarrollar proyectos de acceso a agua potable para quienes m\u00e1s lo necesitan.<\/p>\n<p>Antonio y Auara ya son parte de Ocean Connections. Los l\u00edderes del cambio sostenible a bordo de la primera comunidad del mundo en acci\u00f3n por los oc\u00e9anos.<\/p>\n<p><a href=\"https:\/\/auara.org\/\" rel=\"\">Conoce m\u00e1s en: <\/a><a href=\"https:\/\/auara.org\" target=\"_blank\" rel=\"noopener noreferrer\">https:\/\/auara.org<\/a><\/p>\n<p><img decoding=\"async\" loading=\"lazy\" src=\"https:\/\/news.theoceanconnections.com\/wp-content\/uploads\/2026\/03\/hf_20260205_103209_07c2c900-5924-446b-aedb-565740683fd4-3-1.webp\"><noscript><img decoding=\"async\" src=\"https:\/\/news.theoceanconnections.com\/wp-content\/uploads\/2026\/03\/hf_20260205_103209_07c2c900-5924-446b-aedb-565740683fd4-3-1.webp\"><\/noscript><\/p>\n<h2><strong>\u00bfQu\u00e9&nbsp;te&nbsp;convierte&nbsp;en&nbsp;un&nbsp;Blue&nbsp;Storydoing?<\/strong><\/h2>\n<h2><strong>Sum\u00e9rgete en todas las entrevistas<\/strong><\/h2>\n","protected":false},"excerpt":{"rendered":"<p>Entrevista: Antonio Espinosa de los Monteros CEO in Auara | One Young World TOP 15 Entrepreneur 2020. Auara Conectar con el agua, es conectar con la vida. Estudi\u00f3 Arquitectura y durante toda su carrera estuvo implicado en proyectos de cooperaci\u00f3n, viajando a pa\u00edses como Per\u00fa, Camboya, Etiop\u00eda o Burkina Faso. Fue en uno de esos viajes en los que decidi\u00f3 centrarse en el agua. Antonio Espinosa de los Monteros es CEO y cofundador de @Auara, una empresa social que embotella [&hellip;]<\/p>\n","protected":false},"author":1,"featured_media":2619,"parent":3235,"menu_order":0,"comment_status":"closed","ping_status":"closed","template":"","meta":{"footnotes":""},"class_list":["post-2681","page","type-page","status-publish","has-post-thumbnail","hentry"],"_links":{"self":[{"href":"https:\/\/theoceanconnections.com\/es\/wp-json\/wp\/v2\/pages\/2681","targetHints":{"allow":["GET"]}}],"collection":[{"href":"https:\/\/theoceanconnections.com\/es\/wp-json\/wp\/v2\/pages"}],"about":[{"href":"https:\/\/theoceanconnections.com\/es\/wp-json\/wp\/v2\/types\/page"}],"author":[{"embeddable":true,"href":"https:\/\/theoceanconnections.com\/es\/wp-json\/wp\/v2\/users\/1"}],"replies":[{"embeddable":true,"href":"https:\/\/theoceanconnections.com\/es\/wp-json\/wp\/v2\/comments?post=2681"}],"version-history":[{"count":12,"href":"https:\/\/theoceanconnections.com\/es\/wp-json\/wp\/v2\/pages\/2681\/revisions"}],"predecessor-version":[{"id":3716,"href":"https:\/\/theoceanconnections.com\/es\/wp-json\/wp\/v2\/pages\/2681\/revisions\/3716"}],"up":[{"embeddable":true,"href":"https:\/\/theoceanconnections.com\/es\/wp-json\/wp\/v2\/pages\/3235"}],"wp:featuredmedia":[{"embeddable":true,"href":"https:\/\/theoceanconnections.com\/es\/wp-json\/wp\/v2\/media\/2619"}],"wp:attachment":[{"href":"https:\/\/theoceanconnections.com\/es\/wp-json\/wp\/v2\/media?parent=2681"}],"curies":[{"name":"wp","href":"https:\/\/api.w.org\/{rel}","templated":true}]}}