{"id":2675,"date":"2026-03-04T11:35:05","date_gmt":"2026-03-04T10:35:05","guid":{"rendered":"https:\/\/news.theoceanconnections.com\/?page_id=2675"},"modified":"2026-03-28T08:29:22","modified_gmt":"2026-03-28T07:29:22","slug":"adrian-esteve","status":"publish","type":"page","link":"https:\/\/theoceanconnections.com\/es\/entrevistas\/adrian-esteve\/","title":{"rendered":"Adria\u0301n Esteve"},"content":{"rendered":"<h1><strong>Entrevista: Adri\u00e1n Esteve<\/strong><\/h1>\n<p><img decoding=\"async\" loading=\"lazy\" src=\"https:\/\/theoceanconnections.com\/wp-content\/uploads\/2026\/03\/Adrian-Esteve-Header.webp\"><noscript><img decoding=\"async\" src=\"https:\/\/theoceanconnections.com\/wp-content\/uploads\/2026\/03\/Adrian-Esteve-Header.webp\"><\/noscript><\/p>\n<h4><strong>Mes Que Surf &#8211; <\/strong>Conexi\u00f3n para quienes m\u00e1s necesitan conectar.<\/h4>\n<p>Adri\u00e1n Esteve es psic\u00f3logo infantil y fundador de @mesquesurf, una asociaci\u00f3n que trabaja impulsando el desarrollo de ni\u00f1os y ni\u00f1as con TEA (trastornos del espectro autista) a partir de la pr\u00e1ctica del surf y el contacto con la naturaleza.<\/p>\n<p>Adri\u00e1n y Mes Que Surf ya son parte de Ocean Connections. Los l\u00edderes del cambio sostenible, ya est\u00e1n a bordo de la primera comunidad del mundo en acci\u00f3n por los oc\u00e9anos.<\/p>\n<p>Conoce m\u00e1s de ellos en: www.mesquesurf.com<\/p>\n<p><img decoding=\"async\" loading=\"lazy\" src=\"https:\/\/news.theoceanconnections.com\/wp-content\/uploads\/2026\/03\/hf_20260202_092826_6567e730-07f7-4829-bd57-96aa015c94ee-2.webp\"><noscript><img decoding=\"async\" src=\"https:\/\/news.theoceanconnections.com\/wp-content\/uploads\/2026\/03\/hf_20260202_092826_6567e730-07f7-4829-bd57-96aa015c94ee-2.webp\"><\/noscript><\/p>\n<h2><strong>\u00bfQu\u00e9 te convierte en un Blue Storydoer?<\/strong><\/h2>\n<h2><strong>Sum\u00e9rgete en todas las entrevistas<\/strong><\/h2>\n","protected":false},"excerpt":{"rendered":"<p>Entrevista: Adri\u00e1n Esteve Mes Que Surf &#8211; Conexi\u00f3n para quienes m\u00e1s necesitan conectar. Adri\u00e1n Esteve es psic\u00f3logo infantil y fundador de @mesquesurf, una asociaci\u00f3n que trabaja impulsando el desarrollo de ni\u00f1os y ni\u00f1as con TEA (trastornos del espectro autista) a partir de la pr\u00e1ctica del surf y el contacto con la naturaleza. Adri\u00e1n y Mes Que Surf ya son parte de Ocean Connections. Los l\u00edderes del cambio sostenible, ya est\u00e1n a bordo de la primera comunidad del mundo en acci\u00f3n [&hellip;]<\/p>\n","protected":false},"author":1,"featured_media":2613,"parent":3235,"menu_order":0,"comment_status":"closed","ping_status":"closed","template":"","meta":{"footnotes":""},"class_list":["post-2675","page","type-page","status-publish","has-post-thumbnail","hentry"],"_links":{"self":[{"href":"https:\/\/theoceanconnections.com\/es\/wp-json\/wp\/v2\/pages\/2675","targetHints":{"allow":["GET"]}}],"collection":[{"href":"https:\/\/theoceanconnections.com\/es\/wp-json\/wp\/v2\/pages"}],"about":[{"href":"https:\/\/theoceanconnections.com\/es\/wp-json\/wp\/v2\/types\/page"}],"author":[{"embeddable":true,"href":"https:\/\/theoceanconnections.com\/es\/wp-json\/wp\/v2\/users\/1"}],"replies":[{"embeddable":true,"href":"https:\/\/theoceanconnections.com\/es\/wp-json\/wp\/v2\/comments?post=2675"}],"version-history":[{"count":17,"href":"https:\/\/theoceanconnections.com\/es\/wp-json\/wp\/v2\/pages\/2675\/revisions"}],"predecessor-version":[{"id":3714,"href":"https:\/\/theoceanconnections.com\/es\/wp-json\/wp\/v2\/pages\/2675\/revisions\/3714"}],"up":[{"embeddable":true,"href":"https:\/\/theoceanconnections.com\/es\/wp-json\/wp\/v2\/pages\/3235"}],"wp:featuredmedia":[{"embeddable":true,"href":"https:\/\/theoceanconnections.com\/es\/wp-json\/wp\/v2\/media\/2613"}],"wp:attachment":[{"href":"https:\/\/theoceanconnections.com\/es\/wp-json\/wp\/v2\/media?parent=2675"}],"curies":[{"name":"wp","href":"https:\/\/api.w.org\/{rel}","templated":true}]}}