{"id":2500,"date":"2026-03-02T20:19:49","date_gmt":"2026-03-02T19:19:49","guid":{"rendered":"https:\/\/news.theoceanconnections.com\/?page_id=2500"},"modified":"2026-03-28T08:31:11","modified_gmt":"2026-03-28T07:31:11","slug":"joaquim-garrabou","status":"publish","type":"page","link":"https:\/\/theoceanconnections.com\/es\/entrevistas\/joaquim-garrabou\/","title":{"rendered":"Joaquim Garrabou"},"content":{"rendered":"<h1><strong>Entrevista: Joaquim Garrabou<\/strong><\/h1>\n<p><img decoding=\"async\" loading=\"lazy\" src=\"https:\/\/theoceanconnections.com\/wp-content\/uploads\/2026\/03\/Joaquim-Garrabou-Header.webp\"><noscript><img decoding=\"async\" src=\"https:\/\/theoceanconnections.com\/wp-content\/uploads\/2026\/03\/Joaquim-Garrabou-Header.webp\"><\/noscript><\/p>\n<h3>Investigador s\u00e9nior del Instituto de Ciencias del Mar (ICM-CSIC)<\/h3>\n<p>Joaquim Garrabou es investigador s\u00e9nior del Instituto de Ciencias del Mar (ICM-CSIC). Lleva m\u00e1s de 30 a\u00f1os analizando c\u00f3mo el calentamiento del Mediterr\u00e1neo da\u00f1a los fondos rocosos y las comunidades de coral blando, y dirige un equipo que busca frenar las mortalidades masivas con m\u00e1s \u00e1reas marinas protegidas. Adem\u00e1s, coordina Observadores del Mar, la red de ciencia ciudadana que desde 2012 conecta a buceadores, pescadores y navegantes con cient\u00edficos para recoger datos sobre especies, basura y cambio clim\u00e1tico. Este trabajo colectivo acaba de recibir una menci\u00f3n de honor de la UE por el proyecto OdM Climate, que ya moviliza a m\u00e1s de 500 buceadores para vigilar la temperatura del mar.<\/p>\n<p><img decoding=\"async\" loading=\"lazy\" src=\"https:\/\/theoceanconnections.com\/wp-content\/uploads\/2026\/03\/joaqui-garrabou_1.webp\"><noscript><img decoding=\"async\" src=\"https:\/\/theoceanconnections.com\/wp-content\/uploads\/2026\/03\/joaqui-garrabou_1.webp\"><\/noscript><\/p>\n<h2><strong>1. \u00bfEn qu\u00e9 se centra hoy tu investigaci\u00f3n y por qu\u00e9 es crucial para la resiliencia del Mediterr\u00e1neo?<\/strong><\/h2>\n<p>El cambio clim\u00e1tico es uno de los mayores desaf\u00edos a los que se enfrenta nuestra sociedad. El cambio clim\u00e1tico es una realidad desde hace d\u00e9cadas y actualmente sus consecuencias se estan acelerando. Como investigador estoy contribuyendo aportar evidencias cient\u00edficas para que el oc\u00e9ano nos continue proporcionado sus multiples servicios para la mitgaci\u00f3n y adaptaci\u00f3n a la emergencia climatica. En particular mis trabajos estan centrados en promover las \u00e1reas marinas protegidas como herramientas eficaces para aumentar la resiliencia a los impactos del cambio clim\u00e1tico.<\/p>\n<h2><strong>2. Observadores del Mar cumple m\u00e1s de una d\u00e9cada. \u00bfQu\u00e9 hace \u00fanica a la plataforma y qu\u00e9 tipo de datos recoge?<\/strong><\/h2>\n<p>Observadores del Mar \u00e9s una plataforma de ciencia ciudadana marina cuyo objetivo principal es contribuir a la conservaci\u00f3n marina. Durante sus mas de 10 a\u00f1os de actividad ha implicado a miles de ciudadanas, entidades de la sociedad civil, administraciones p\u00fablicas y investigadoras de diversas organizaciones de investigaci\u00f3n para expandir nuestro conocimiento sobre el oc\u00e9ano, concienciar a la sociedad sobre los problemas ambientales del mar y establecer puentes de dialogo entre la comunidad cient\u00edfica y los diversos actores del medio marino. Observadores del Mar ha aportado informaci\u00f3n muy relevante sobre cinco \u00e1mbitos cient\u00edficos principales la llegada de especies ex\u00f3ticas, impactos del cambio clim\u00e1tico, especies vulnerables, basura marina y biodiversidad.<\/p>\n<p>Gracias a la colaboraci\u00f3n de mas de 100 investigadoras, las observaciones realizadas por los voluntarios siguen unos protocolos cient\u00edficos adaptados a la ciencia ciudadana a trav\u00e9s de formaciones especificas y asi aportan informaci\u00f3n relevante y rigurosa para apoyar a la conservaci\u00f3n marina. Probablemente este sea el rasgo mas diferencial de Observadores del Mar, el rigor cient\u00edfico y la formaci\u00f3n de los participantes.<\/p>\n<h2><strong>3. La UE acaba de otorgar una menci\u00f3n de honor a Observadores del Mar. \u00bfQu\u00e9 significa este reconocimiento?<\/strong><\/h2>\n<p>El premio reconoci\u00f3 uno de los principales hitos de Observadores del Mar: el establecimiento de una red ciudadana de seguimiento de los efectos del cambio clim\u00e1tico en las costas mediterr\u00e1neas espa\u00f1olas. A trav\u00e9s de formaciones hibridas online y en el mar, y gracias a la colaboraci\u00f3n de mas de 30 centros de buceo que \u201ccatalizaron\u201d la participaci\u00f3n de mas de 500 buceadores, se obtuvieron datos sobre especies de peces y medusas indicadoras de los efectos del cambio climatico, cuantificaron efectos de las mortalidades masivas y de la floraci\u00f3n de la faneromaga marina Posidonia oce\u00e1nica. Estas actividades se realizaron gracias al apoyo del proyecto OdM Climate que sin lugar a dudas ha resultado en el mayor esfuerzo realizado de seguimiento participativo en las costas espa\u00f1olas.<\/p>\n<h2><strong>4. Has dicho que \u2018nunca pensaste que llegar\u00edas a presenciar este colapso de especies\u2019. \u00bfQu\u00e9 soluciones ves para frenar los efectos de las olas de calor marinas?<\/strong><\/h2>\n<p>Efectivamente cuando en 1999 fuimos testigos del primer evento de mortalidad masiva que afecto las poblaciones de una trentena de especies de las costas de Francia y el norte de Italia, hicimos la hip\u00f3tesis que en el contexto del cambio clim\u00e1tico este tipo de eventos se podr\u00eda repetir en el futuro. Desgraciadamente la hip\u00f3tesis no solo se confirmo sino que actualmente los eventos de mortalidad masiva se han convertido en la nueva normalidad en el Mediterr\u00e1neo. La mayor consecuencia es que algunas especies estan sufriendo eventos de exticnci\u00f3n local en diferentes zonas. Estamos observando una transformaci\u00f3n radical de los fondos , las comunidades de alta complejidad y diversas que caracterizan al Mediterr\u00e1neo se estan banalizando en tiempo real delante de nuestras incr\u00e9dulas miradas.<\/p>\n<p><img decoding=\"async\" loading=\"lazy\" src=\"https:\/\/theoceanconnections.com\/wp-content\/uploads\/2026\/03\/joaqui-garrabou_2.webp\"><noscript><img decoding=\"async\" src=\"https:\/\/theoceanconnections.com\/wp-content\/uploads\/2026\/03\/joaqui-garrabou_2.webp\"><\/noscript><\/p>\n<h2><strong>5. En Ocean Connections usamos el t\u00e9rmino \u201cgreen storydoer\u201d para quien transforma las ideas sobre sostenibilidad en acciones concretas. \u00bfQu\u00e9 te convierte, en tu opini\u00f3n, en un green storydoer?<\/strong><\/h2>\n<p>Mis trabajos para promover y aumentar la efectividad las \u00e1reas marinas protegidas para favorecer una mayor resiliencia a la emergencia clim\u00e1tica tiene m\u00faltiples dimensiones. Abarca tanto aproximaciones cient\u00edficas transdiciplinares para comprender mejor los impactos, acciones de concienciaci\u00f3n de la sociedad y transferencia de conocimiento para mejorar la gesti\u00f3n y la conservaci\u00f3n marina.<\/p>\n<h2><strong>5. \u00bfQu\u00e9 te convierte en un Blue Storydoer?<\/strong><\/h2>\n<h1>Sum\u00e9rgete en todas las entrevistas<\/h1>\n","protected":false},"excerpt":{"rendered":"<p>Entrevista: Joaquim Garrabou Investigador s\u00e9nior del Instituto de Ciencias del Mar (ICM-CSIC) Joaquim Garrabou es investigador s\u00e9nior del Instituto de Ciencias del Mar (ICM-CSIC). Lleva m\u00e1s de 30 a\u00f1os analizando c\u00f3mo el calentamiento del Mediterr\u00e1neo da\u00f1a los fondos rocosos y las comunidades de coral blando, y dirige un equipo que busca frenar las mortalidades masivas con m\u00e1s \u00e1reas marinas protegidas. Adem\u00e1s, coordina Observadores del Mar, la red de ciencia ciudadana que desde 2012 conecta a buceadores, pescadores y navegantes con [&hellip;]<\/p>\n","protected":false},"author":3,"featured_media":2645,"parent":3235,"menu_order":0,"comment_status":"closed","ping_status":"closed","template":"","meta":{"footnotes":""},"class_list":["post-2500","page","type-page","status-publish","has-post-thumbnail","hentry"],"_links":{"self":[{"href":"https:\/\/theoceanconnections.com\/es\/wp-json\/wp\/v2\/pages\/2500","targetHints":{"allow":["GET"]}}],"collection":[{"href":"https:\/\/theoceanconnections.com\/es\/wp-json\/wp\/v2\/pages"}],"about":[{"href":"https:\/\/theoceanconnections.com\/es\/wp-json\/wp\/v2\/types\/page"}],"author":[{"embeddable":true,"href":"https:\/\/theoceanconnections.com\/es\/wp-json\/wp\/v2\/users\/3"}],"replies":[{"embeddable":true,"href":"https:\/\/theoceanconnections.com\/es\/wp-json\/wp\/v2\/comments?post=2500"}],"version-history":[{"count":15,"href":"https:\/\/theoceanconnections.com\/es\/wp-json\/wp\/v2\/pages\/2500\/revisions"}],"predecessor-version":[{"id":3720,"href":"https:\/\/theoceanconnections.com\/es\/wp-json\/wp\/v2\/pages\/2500\/revisions\/3720"}],"up":[{"embeddable":true,"href":"https:\/\/theoceanconnections.com\/es\/wp-json\/wp\/v2\/pages\/3235"}],"wp:featuredmedia":[{"embeddable":true,"href":"https:\/\/theoceanconnections.com\/es\/wp-json\/wp\/v2\/media\/2645"}],"wp:attachment":[{"href":"https:\/\/theoceanconnections.com\/es\/wp-json\/wp\/v2\/media?parent=2500"}],"curies":[{"name":"wp","href":"https:\/\/api.w.org\/{rel}","templated":true}]}}