{"id":2418,"date":"2026-03-02T08:54:31","date_gmt":"2026-03-02T07:54:31","guid":{"rendered":"https:\/\/news.theoceanconnections.com\/?page_id=2418"},"modified":"2026-03-30T11:43:15","modified_gmt":"2026-03-30T09:43:15","slug":"edu-uribesalgo-2","status":"publish","type":"page","link":"https:\/\/theoceanconnections.com\/es\/entrevistas\/edu-uribesalgo-2\/","title":{"rendered":"Edu Uribesalgo"},"content":{"rendered":"<h1>Entrevista: Edu Uribesalgo<\/h1>\n<p><img decoding=\"async\" loading=\"lazy\" src=\"https:\/\/theoceanconnections.com\/wp-content\/uploads\/2026\/03\/Edu-Uribesalgo-Header.webp\"><noscript><img decoding=\"async\" src=\"https:\/\/theoceanconnections.com\/wp-content\/uploads\/2026\/03\/Edu-Uribesalgo-Header.webp\"><\/noscript><\/p>\n<h3>Director of Innovation And Sustainability of Ternua Group<\/h3>\n<h4>Conectando las profundidades del mar con la indumentaria outdoor de monta\u00f1a.<\/h4>\n<p>Edu Uribesalgo, Director de Innovaci\u00f3n y Sostenibilidad de Ternua Group y Co- Founder de la marca Ternua, la marca de quienes salen, viajan, buscan y encuentran en la naturaleza su espacio para dejar un mensaje de protecci\u00f3n al mundo. Una marca de indumentaria outdoor que nace inspirada en el esp\u00edritu aventurero de los balleneros vascos del siglo XVI y que naci\u00f3 con el prop\u00f3sito de devolver al planeta lo que el planeta nos ha dado. Hoy, Ternua es una marca innovadora en todo su proceso de producci\u00f3n, un ejemplo a seguir para una de las industrias que m\u00e1s lo necesita<\/p>\n<p><img decoding=\"async\" loading=\"lazy\" src=\"https:\/\/theoceanconnections.com\/wp-content\/uploads\/2026\/03\/Edu-Uribesalgo_2.jpg\"><noscript><img decoding=\"async\" src=\"https:\/\/theoceanconnections.com\/wp-content\/uploads\/2026\/03\/Edu-Uribesalgo_2.jpg\"><\/noscript><\/p>\n<h2>1. Cu\u00e9ntanos lo que est\u00e1s haciendo hoy en favor de la sostenibilidad y por qu\u00e9 lo haces<\/h2>\n<p>En Ternua actualmente estamos eficientizando el uso del agua para reducirlo. Trabajamos con proveedores con las certificaciones m\u00e1s estrictas, que no utilizan agua, o que la recuperan, o que la purifican, reduciendo dr\u00e1sticamente su uso. Tambi\u00e9n encontramos materiales que requieren menos agua que otros. Y con los sint\u00e9ticos estamos tintando el pol\u00edmero en lugar de tintar el tejido. As\u00ed ahorras hasta un 60% de agua. Continuamente estamos viendo si hay una manera mejor de hacer las cosas. Y si la hay, la cambiamos.<\/p>\n<h2>2. \u00bfC\u00f3mo conecta la innovaci\u00f3n sostenible con el desarrollo del negocio en Ternua?<\/h2>\n<p>El rol de la innovaci\u00f3n es central. En 2006 empezamos a sustituir todo nuestro algod\u00f3n por algod\u00f3n org\u00e1nico. Desde 2015 desarrollaron una colecci\u00f3n libre de qu\u00edmicos altamente t\u00f3xicos. En el 2013 nos volvimos pioneros en utilizar plumas recicladas de productos que ya hab\u00edan cumplido con su vida \u00fatil. Tenemos el proyecto REDCYCLE que reutiliza redes usadas de pescadores para hacer productos. Y tambi\u00e9n nutcycle que utiliza las c\u00e1scaras de nuez para generar un tinte natural. Vivimos innovando de manera sostenible y es parte de la identidad de la marca.<\/p>\n<h2>3. \u00bfCu\u00e1l es tu conexi\u00f3n personal con los oc\u00e9anos?<\/h2>\n<p>Yo soy del Pa\u00eds Vasco. Un lugar donde la monta\u00f1a y el mar se encuentran, se conectan. Ambos est\u00e1n en nuestro entorno. Y para m\u00ed y para nosotros son igual de importantes. Nuestra marca cuenta \u201caventura\u201d. Con el tiempo nos dimos cuenta que el mar y la monta\u00f1a, la aventura en esos dos lugares, tiene muchas cosas en com\u00fan. Comparten los mismos valores.<\/p>\n<h2>4.&nbsp; tuvieras que explicar Ternua en t\u00e9rminos de conectar una cosa con otra. \u00bfC\u00f3mo lo explicar\u00edas?<\/h2>\n<p>Lo que nosotros conectamos con los consumidores y con el mercado es el hecho de demostrar que las cosas se pueden hacer de otra manera. Cuando empezamos a contar, adem\u00e1s del qu\u00e9 hacemos, el c\u00f3mo hacemos, notamos que empezamos a inspirar a otras personas. Hay marcas que venden solo productos vac\u00edos. Nosotros tenemos una forma de hacer las cosas y unos valores detr\u00e1s, que son los que finalmente conectan con la persona.<\/p>\n<h2>5. \u00bfQu\u00e9 te convierte en un Blue Storydoer?<\/h2>\n<h2><strong>Sum\u00e9rgete en todas las entrevistas<\/strong><\/h2>\n","protected":false},"excerpt":{"rendered":"<p>Entrevista: Edu Uribesalgo Director of Innovation And Sustainability of Ternua Group Conectando las profundidades del mar con la indumentaria outdoor de monta\u00f1a. Edu Uribesalgo, Director de Innovaci\u00f3n y Sostenibilidad de Ternua Group y Co- Founder de la marca Ternua, la marca de quienes salen, viajan, buscan y encuentran en la naturaleza su espacio para dejar un mensaje de protecci\u00f3n al mundo. Una marca de indumentaria outdoor que nace inspirada en el esp\u00edritu aventurero de los balleneros vascos del siglo XVI [&hellip;]<\/p>\n","protected":false},"author":1,"featured_media":2623,"parent":3235,"menu_order":0,"comment_status":"closed","ping_status":"closed","template":"","meta":{"footnotes":""},"class_list":["post-2418","page","type-page","status-publish","has-post-thumbnail","hentry"],"_links":{"self":[{"href":"https:\/\/theoceanconnections.com\/es\/wp-json\/wp\/v2\/pages\/2418","targetHints":{"allow":["GET"]}}],"collection":[{"href":"https:\/\/theoceanconnections.com\/es\/wp-json\/wp\/v2\/pages"}],"about":[{"href":"https:\/\/theoceanconnections.com\/es\/wp-json\/wp\/v2\/types\/page"}],"author":[{"embeddable":true,"href":"https:\/\/theoceanconnections.com\/es\/wp-json\/wp\/v2\/users\/1"}],"replies":[{"embeddable":true,"href":"https:\/\/theoceanconnections.com\/es\/wp-json\/wp\/v2\/comments?post=2418"}],"version-history":[{"count":28,"href":"https:\/\/theoceanconnections.com\/es\/wp-json\/wp\/v2\/pages\/2418\/revisions"}],"predecessor-version":[{"id":3790,"href":"https:\/\/theoceanconnections.com\/es\/wp-json\/wp\/v2\/pages\/2418\/revisions\/3790"}],"up":[{"embeddable":true,"href":"https:\/\/theoceanconnections.com\/es\/wp-json\/wp\/v2\/pages\/3235"}],"wp:featuredmedia":[{"embeddable":true,"href":"https:\/\/theoceanconnections.com\/es\/wp-json\/wp\/v2\/media\/2623"}],"wp:attachment":[{"href":"https:\/\/theoceanconnections.com\/es\/wp-json\/wp\/v2\/media?parent=2418"}],"curies":[{"name":"wp","href":"https:\/\/api.w.org\/{rel}","templated":true}]}}