{"id":2371,"date":"2026-03-02T08:15:30","date_gmt":"2026-03-02T07:15:30","guid":{"rendered":"https:\/\/news.theoceanconnections.com\/?page_id=2371"},"modified":"2026-04-10T17:26:42","modified_gmt":"2026-04-10T15:26:42","slug":"sobre-nosotros","status":"publish","type":"page","link":"https:\/\/theoceanconnections.com\/es\/sobre-nosotros\/","title":{"rendered":"Sobre nosotros"},"content":{"rendered":"<h1><strong>SOBRE NOSOTROS<\/strong><\/h1>\n<p><img decoding=\"async\" loading=\"lazy\" src=\"https:\/\/news.theoceanconnections.com\/wp-content\/uploads\/2026\/03\/the-ocean-connections.webp\"><noscript><img decoding=\"async\" src=\"https:\/\/news.theoceanconnections.com\/wp-content\/uploads\/2026\/03\/the-ocean-connections.webp\"><\/noscript><\/p>\n<p>Cada d\u00eda surgen m\u00e1s proyectos para proteger y regenerar los oc\u00e9anos. Sin embargo, muchos no logran la visibilidad que merecen ni consiguen contar lo que hacen de un modo atractivo, inspirador y verdaderamente conectado con sus audiencias. As\u00ed, se quedan sin el impulso de una comunidad m\u00e1s grande y participativa y con esto, sin la oportunidad de acceder al espacio m\u00e1s privilegiado; el que ocupan los generadores de cultura.&nbsp;<\/p>\n<p><img decoding=\"async\" loading=\"lazy\" src=\"https:\/\/news.theoceanconnections.com\/wp-content\/uploads\/2026\/03\/Oldsurfer-Pulpo-Cara.webp\"><noscript><img decoding=\"async\" src=\"https:\/\/news.theoceanconnections.com\/wp-content\/uploads\/2026\/03\/Oldsurfer-Pulpo-Cara.webp\"><\/noscript><\/p>\n<h3><strong>DEL STORYTELLING AL BLUE STORYDOING<\/strong><\/h3>\n<p>Generar cultura no es magia, necesita un m\u00e9todo que fusione data, tecnolog\u00eda y recursos humanos movilizados por la acci\u00f3n real para generar diferenciaci\u00f3n, engagement, credibilidad y amplificaci\u00f3n. Pasar del Storytelling al Blue Storydoing es pasar de contar historias, a la acci\u00f3n. Se trata de convertir lo que tenemos para contar, en experiencias medibles, con impacto real dentro de una nueva y m\u00e1s grande cultura; la Econom\u00eda Azul.<\/p>\n<p>Este enfoque ya fue reconocido y validado internacionalmente: The Ocean Connections fue premiada en los Anthem Awards, los galardones m\u00e1s relevantes del mundo en sostenibilidad y dentro de la plataforma, el proyecto Flama Circular tambi\u00e9n fue premiado, obteniendo as\u00ed un total de un Oro, una Plata y dos Bronces.<\/p>\n<p>En The Ocean Connections creamos contenido inspirador, con impacto real y cultural; documentales, entrevistas, e ideas de comunicaci\u00f3n y acci\u00f3n en sinton\u00eda con la Econom\u00eda Azul, con sede en Barcelona \u2014ciudad elegida por la UNESCO como hub de una econom\u00eda que visibiliza y reconoce el valor de los oc\u00e9anos como motor de desarrollo sostenible, innovaci\u00f3n y bienestar social.<\/p>\n<p><\/p>\n<p><\/p>\n<p><img decoding=\"async\" loading=\"lazy\" src=\"https:\/\/news.theoceanconnections.com\/wp-content\/uploads\/2026\/03\/The-Ocean-Connections-Arena.webp\"><noscript><img decoding=\"async\" src=\"https:\/\/news.theoceanconnections.com\/wp-content\/uploads\/2026\/03\/The-Ocean-Connections-Arena.webp\"><\/noscript><\/p>\n","protected":false},"excerpt":{"rendered":"<p>SOBRE NOSOTROS Cada d\u00eda surgen m\u00e1s proyectos para proteger y regenerar los oc\u00e9anos. Sin embargo, muchos no logran la visibilidad que merecen ni consiguen contar lo que hacen de un modo atractivo, inspirador y verdaderamente conectado con sus audiencias. As\u00ed, se quedan sin el impulso de una comunidad m\u00e1s grande y participativa y con esto, sin la oportunidad de acceder al espacio m\u00e1s privilegiado; el que ocupan los generadores de cultura.&nbsp; DEL STORYTELLING AL BLUE STORYDOING Generar cultura no es [&hellip;]<\/p>\n","protected":false},"author":1,"featured_media":2382,"parent":0,"menu_order":0,"comment_status":"closed","ping_status":"closed","template":"","meta":{"footnotes":""},"class_list":["post-2371","page","type-page","status-publish","has-post-thumbnail","hentry"],"_links":{"self":[{"href":"https:\/\/theoceanconnections.com\/es\/wp-json\/wp\/v2\/pages\/2371","targetHints":{"allow":["GET"]}}],"collection":[{"href":"https:\/\/theoceanconnections.com\/es\/wp-json\/wp\/v2\/pages"}],"about":[{"href":"https:\/\/theoceanconnections.com\/es\/wp-json\/wp\/v2\/types\/page"}],"author":[{"embeddable":true,"href":"https:\/\/theoceanconnections.com\/es\/wp-json\/wp\/v2\/users\/1"}],"replies":[{"embeddable":true,"href":"https:\/\/theoceanconnections.com\/es\/wp-json\/wp\/v2\/comments?post=2371"}],"version-history":[{"count":36,"href":"https:\/\/theoceanconnections.com\/es\/wp-json\/wp\/v2\/pages\/2371\/revisions"}],"predecessor-version":[{"id":4438,"href":"https:\/\/theoceanconnections.com\/es\/wp-json\/wp\/v2\/pages\/2371\/revisions\/4438"}],"wp:featuredmedia":[{"embeddable":true,"href":"https:\/\/theoceanconnections.com\/es\/wp-json\/wp\/v2\/media\/2382"}],"wp:attachment":[{"href":"https:\/\/theoceanconnections.com\/es\/wp-json\/wp\/v2\/media?parent=2371"}],"curies":[{"name":"wp","href":"https:\/\/api.w.org\/{rel}","templated":true}]}}