{"id":4415,"date":"2026-03-04T13:10:09","date_gmt":"2026-03-04T12:10:09","guid":{"rendered":"https:\/\/theoceanconnections.com\/?page_id=4415"},"modified":"2026-04-10T20:11:03","modified_gmt":"2026-04-10T18:11:03","slug":"blue-storydoing-cases","status":"publish","type":"page","link":"https:\/\/theoceanconnections.com\/ca\/blue-storydoing-cases\/","title":{"rendered":"Casos De Blue Storydoing"},"content":{"rendered":"<h1><strong>CASOS DE BLUE STORYDOING<\/strong><\/h1>\n<p><img decoding=\"async\" loading=\"lazy\" src=\"https:\/\/theoceanconnections.com\/wp-content\/uploads\/2026\/03\/CASOS-BLUE-STORYDOING_2.webp\"><noscript><img decoding=\"async\" src=\"https:\/\/theoceanconnections.com\/wp-content\/uploads\/2026\/03\/CASOS-BLUE-STORYDOING_2.webp\"><\/noscript><\/p>\n<p><a data-format=\"video\" href=\"https:\/\/www.youtube.com\/watch?v=Zasx9hjo4WY\">CHECK US OUT<\/a><\/p>\n<p>Els oceans no necessiten m\u00e9s discursos, necessiten moviment. Blue Storydoing reuneix projectes que no nom\u00e9s parlen de sostenibilitat, sin\u00f3 que l\u2019activen en cada decisi\u00f3: des de l\u2019impacte ambiental fins al cultural, social i econ\u00f2mic. Iniciatives que regeneren ecosistemes, impulsen comunitats costaneres i construeixen noves narratives capaces de connectar amb audi\u00e8ncies reals. Perqu\u00e8 protegir el mar no \u00e9s nom\u00e9s conservar-lo: \u00e9s transformar-lo en una hist\u00f2ria compartida que convida a actuar.<\/p>\n","protected":false},"excerpt":{"rendered":"<p>CASOS DE BLUE STORYDOING CHECK US OUT Els oceans no necessiten m\u00e9s discursos, necessiten moviment. Blue Storydoing reuneix projectes que no nom\u00e9s parlen de sostenibilitat, sin\u00f3 que l\u2019activen en cada decisi\u00f3: des de l\u2019impacte ambiental fins al cultural, social i econ\u00f2mic. Iniciatives que regeneren ecosistemes, impulsen comunitats costaneres i construeixen noves narratives capaces de connectar amb audi\u00e8ncies reals. Perqu\u00e8 protegir el mar no \u00e9s nom\u00e9s conservar-lo: \u00e9s transformar-lo en una hist\u00f2ria compartida que convida a actuar.<\/p>\n","protected":false},"author":2,"featured_media":0,"parent":0,"menu_order":0,"comment_status":"closed","ping_status":"closed","template":"","meta":{"footnotes":""},"class_list":["post-4415","page","type-page","status-publish","hentry"],"_links":{"self":[{"href":"https:\/\/theoceanconnections.com\/ca\/wp-json\/wp\/v2\/pages\/4415","targetHints":{"allow":["GET"]}}],"collection":[{"href":"https:\/\/theoceanconnections.com\/ca\/wp-json\/wp\/v2\/pages"}],"about":[{"href":"https:\/\/theoceanconnections.com\/ca\/wp-json\/wp\/v2\/types\/page"}],"author":[{"embeddable":true,"href":"https:\/\/theoceanconnections.com\/ca\/wp-json\/wp\/v2\/users\/2"}],"replies":[{"embeddable":true,"href":"https:\/\/theoceanconnections.com\/ca\/wp-json\/wp\/v2\/comments?post=4415"}],"version-history":[{"count":10,"href":"https:\/\/theoceanconnections.com\/ca\/wp-json\/wp\/v2\/pages\/4415\/revisions"}],"predecessor-version":[{"id":4503,"href":"https:\/\/theoceanconnections.com\/ca\/wp-json\/wp\/v2\/pages\/4415\/revisions\/4503"}],"wp:attachment":[{"href":"https:\/\/theoceanconnections.com\/ca\/wp-json\/wp\/v2\/media?parent=4415"}],"curies":[{"name":"wp","href":"https:\/\/api.w.org\/{rel}","templated":true}]}}