{"id":4279,"date":"2026-04-08T13:12:42","date_gmt":"2026-04-08T11:12:42","guid":{"rendered":"https:\/\/theoceanconnections.com\/?page_id=4279"},"modified":"2026-04-08T13:18:36","modified_gmt":"2026-04-08T11:18:36","slug":"noelia-hernandez-munoz","status":"publish","type":"page","link":"https:\/\/theoceanconnections.com\/ca\/entrevistas\/noelia-hernandez-munoz\/","title":{"rendered":"Noelia Herna\u0301ndez Mun\u0303oz"},"content":{"rendered":"<h1><strong>Noelia Hern\u00e1ndez Mu\u00f1oz<\/strong><\/h1>\n<p><img decoding=\"async\" loading=\"lazy\" src=\"https:\/\/theoceanconnections.com\/wp-content\/uploads\/2026\/03\/Noelia-Hernandez-Munoz.webp\"><noscript><img decoding=\"async\" src=\"https:\/\/theoceanconnections.com\/wp-content\/uploads\/2026\/03\/Noelia-Hernandez-Munoz.webp\"><\/noscript><\/p>\n<h4>Oceanographer, PhD in Marine Ecology and National Geographic Explorer<\/h4>\n<p>Connectant-ho tot a trav\u00e9s de la seva devoci\u00f3 pels oceans<\/p>\n<p>Noelia Hern\u00e1ndez Mu\u00f1oz \u00e9s ocean\u00f2grafa, exploradora de National Geographic i doctora en Ecologia Marina. El seu treball se centra a protegir i restaurar h\u00e0bitats marins des d\u2019un enfocament interdisciplinari que integra la ci\u00e8ncia, la interacci\u00f3 amb la pol\u00edtica, la participaci\u00f3 comunit\u00e0ria i l\u2019educaci\u00f3 ambiental.<\/p>\n<p>En els darrers anys ha treballat com a directora cient\u00edfica de Osa Conservation, una ONG a Costa Rica, liderant diversos projectes de conservaci\u00f3 marina i participant en la creaci\u00f3 d\u2019una \u00e0rea marina protegida.<\/p>\n<p>Actualment treballa a Espanya, on lidera un estudi d\u2019economia blava sobre els beneficis que un ecosistema mar\u00ed saludable genera en l\u2019economia local, a m\u00e9s de coordinar projectes de conservaci\u00f3 orientats a protegir i recuperar el Mediterrani.<\/p>\n<h3><strong>1. <\/strong>Explica\u2019ns qu\u00e8 est\u00e0s fent avui en favor de la sostenibilitat i per qu\u00e8 ho fas<\/h3>\n<p>Sense un oce\u00e0 saludable no seria possible la vida a la Terra, per\u00f2 cada dia augmenten els impactes i la degradaci\u00f3 que pateixen els nostres mars.<\/p>\n<p>Per contribuir a la seva conservaci\u00f3 a llarg termini, treballo en diferents projectes que integren ci\u00e8ncia, incid\u00e8ncia pol\u00edtica, educaci\u00f3 i comunicaci\u00f3, amb l\u2019objectiu de protegir els ecosistemes marins i promoure un \u00fas sostenible dels recursos.<\/p>\n<p>Actualment, un dels principals focus del meu treball \u00e9s la recuperaci\u00f3 del mar Mediterrani, mitjan\u00e7ant la creaci\u00f3 d\u2019\u00e0rees marines protegides, la restauraci\u00f3 de praderies de <em>Posidonia oceanica<\/em> i la conservaci\u00f3 de gorg\u00f2nies i altres esp\u00e8cies amena\u00e7ades.<\/p>\n<p><img decoding=\"async\" loading=\"lazy\" src=\"https:\/\/news.theoceanconnections.com\/wp-content\/uploads\/2026\/03\/hf_20260202_092826_6567e730-07f7-4829-bd57-96aa015c94ee-2.webp\"><noscript><img decoding=\"async\" src=\"https:\/\/news.theoceanconnections.com\/wp-content\/uploads\/2026\/03\/hf_20260202_092826_6567e730-07f7-4829-bd57-96aa015c94ee-2.webp\"><\/noscript><\/p>\n<h3>2. Explica\u2019ns quin \u00e9s per a tu el paper que t\u00e9 o hauria de tenir la innovaci\u00f3 per al canvi sostenible<\/h3>\n<p>De la mateixa manera que l\u2019\u00e9sser hum\u00e0 ha tingut un gran impacte durant d\u00e8cades, tamb\u00e9 t\u00e9 la capacitat de generar solucions extraordin\u00e0ries utilitzant el coneixement i la innovaci\u00f3 per protegir el medi ambient.<\/p>\n<p>Avui disposem de tecnologies que estan transformant la conservaci\u00f3 marina: des de c\u00e0meres capaces de gravar a gran profunditat i aportar informaci\u00f3 clau sobre els fons oce\u00e0nics, fins a l\u2019\u00fas de marcadors en animals que permeten con\u00e8ixer els seus moviments i migracions. Tamb\u00e9 hi ha sistemes tecnol\u00f2gics per a la vigil\u00e0ncia d\u2019\u00e0rees protegides i la detecci\u00f3 d\u2019activitats il\u00b7legals, aix\u00ed com aplicacions que apropen la ci\u00e8ncia a la ciutadania i generen dades \u00fatils per a la protecci\u00f3 d\u2019esp\u00e8cies.<\/p>\n<p>La innovaci\u00f3 tamb\u00e9 t\u00e9 un paper fonamental en la connexi\u00f3 emocional amb l\u2019entorn. Permet apropar el medi mar\u00ed a les persones, ajudant-les a comprendre\u2019l, valorar-lo i sentir la necessitat de protegir-lo.<\/p>\n<p>Un dels projectes que vaig desenvolupar recentment va ser un v\u00eddeo immersiu en 360\u00ba a la Pen\u00ednsula d\u2019Osa, a Costa Rica. Mitjan\u00e7ant ulleres de realitat virtual, les persones poden \u201csubmergir-se\u201d i descobrir la riquesa ecol\u00f2gica d\u2019aquesta zona. Aquest tipus d\u2019eines permet apropar un ecosistema tan complex com el mar d\u2019una manera molt m\u00e9s immersiva i real que un v\u00eddeo tradicional.<\/p>\n<h3>3. Ara connectem amb The Ocean Connections. Quina \u00e9s la teva connexi\u00f3 personal amb els oceans?<\/h3>\n<p>Vaig n\u00e9ixer a \u00c0vila, per\u00f2 des de ben petita somiava ser bi\u00f2loga marina. Recordo veure documentals amb el meu pare i sentir una fascinaci\u00f3 absoluta per tot el que passava sota l\u2019aigua. No sabria dir a quina edat vaig comen\u00e7ar a dir que m\u2019hi volia dedicar, perqu\u00e8 sempre hi ha estat.<\/p>\n<p>Al principi, com molta gent, volia treballar amb dofins i orques. Despr\u00e9s em van apassionar els taurons i, amb el temps, tamb\u00e9 altres esp\u00e8cies com els nudibranquis. El m\u00e9s habitual, sent d\u2019\u00c0vila, hauria estat voler treballar amb llops \u2014que tamb\u00e9 m\u2019agraden\u2014, per\u00f2 sempre vaig tenir clar que el meu lloc era al mar.<\/p>\n<p>L\u2019oce\u00e0 em dona calma, per\u00f2 sobretot em dona felicitat. Cada vegada que surto de bussejar, els meus amics em diuen que surto somrient. I \u00e9s veritat.<\/p>\n<h3>4. El teu perfil diu: PhD in Marine Ecology \/ National Geographic Explorer \/ Marine Conservation. Explica\u2019ns l\u2019origen d\u2019aquesta vocaci\u00f3 pels oceans: com, quan i per qu\u00e8 vas comen\u00e7ar aquest cam\u00ed.<\/h3>\n<p>Com comentava abans, la meva vocaci\u00f3 va n\u00e9ixer veient documentals a la televisi\u00f3, imatges submarines que em fascinaven completament. En aquell moment no era conscient que els oceans estaven en perill, per\u00f2 s\u00ed que tenia clar que m\u2019hi volia dedicar.<\/p>\n<p>El primer repte va ser poder estudiar la carrera. En aquell moment era esportista i semblava que el m\u00e9s l\u00f2gic era estudiar INEF o alguna carrera amb m\u00e9s sortides. Tot i aix\u00f2, els meus pares em van donar suport i vaig estudiar Ci\u00e8ncies del Mar. Des del primer any tenia clar que volia treballar en conservaci\u00f3 marina, tot i que no sabia ben b\u00e9 com arribar-hi.<\/p>\n<p>Durant la carrera va cr\u00e9ixer en mi l\u2019inter\u00e8s per la conservaci\u00f3 de taurons, cosa que semblava gaireb\u00e9 impossible a Espanya. Vaig ser alumna col\u00b7laboradora al departament de biologia i diversos companys em van animar a fer un doctorat. Tot i que no m\u2019ho havia plantejat abans, vaig entendre que em donaria una millor base per dedicar-me al que realment volia, aix\u00ed que vaig sol\u00b7licitar una beca\u2026 i em van seleccionar.<\/p>\n<p>Vaig fer el doctorat en un centre del CSIC a Mallorca, en Ecologia de Poblacions, estudiant com diferents condicions ambientals afecten les hist\u00f2ries de vida de depredadors marins. En acabar, vaig tenir dues oportunitats: M\u00e8xic o Costa Rica. Vaig triar Costa Rica.<\/p>\n<p>All\u00e0 vaig treballar com a directora de conservaci\u00f3 en una ONG, creant un programa mar\u00ed des de zero. Durant aquells anys vaig participar en la creaci\u00f3 d\u2019una \u00e0rea marina protegida, vaig treballar amb pescadors artesanals, en la protecci\u00f3 de tortugues marines, manglars, restauraci\u00f3 de coralls, estudis de taurons i rajades, i en bones pr\u00e0ctiques d\u2019ecoturisme.<\/p>\n<p>En aquest proc\u00e9s vaig col\u00b7laborar en una expedici\u00f3 amb l\u2019equip de Pristine Seas de National Geographic, que va ser el meu primer contacte amb ells. Aquell mateix any vaig sol\u00b7licitar una beca de jove exploradora\u2026 i me la van concedir.<\/p>\n<p>Durant aquella expedici\u00f3 vaig con\u00e8ixer qui avui \u00e9s el meu cap, que em va proposar treballar en un projecte per recuperar el Mediterrani. Despr\u00e9s de tancar alguns projectes a Costa Rica, vaig tornar a Espanya l\u2019any passat.<\/p>\n<p>Avui treballo en diferents projectes centrats en la recuperaci\u00f3 del Mediterrani i continuo col\u00b7laborant a dist\u00e0ncia amb l\u2019ONG a Costa Rica.<\/p>\n<h3>5. Qu\u00e8 et converteix en un Blue Storydoer?<\/h3>\n<h2><strong>Submergeix-te en totes les entrevistes<\/strong><\/h2>\n","protected":false},"excerpt":{"rendered":"<p>Noelia Hern\u00e1ndez Mu\u00f1oz Oceanographer, PhD in Marine Ecology and National Geographic Explorer Connectant-ho tot a trav\u00e9s de la seva devoci\u00f3 pels oceans Noelia Hern\u00e1ndez Mu\u00f1oz \u00e9s ocean\u00f2grafa, exploradora de National Geographic i doctora en Ecologia Marina. El seu treball se centra a protegir i restaurar h\u00e0bitats marins des d\u2019un enfocament interdisciplinari que integra la ci\u00e8ncia, la interacci\u00f3 amb la pol\u00edtica, la participaci\u00f3 comunit\u00e0ria i l\u2019educaci\u00f3 ambiental. En els darrers anys ha treballat com a directora cient\u00edfica de Osa Conservation, una [&hellip;]<\/p>\n","protected":false},"author":1,"featured_media":2635,"parent":3293,"menu_order":0,"comment_status":"closed","ping_status":"closed","template":"","meta":{"footnotes":""},"class_list":["post-4279","page","type-page","status-publish","has-post-thumbnail","hentry"],"_links":{"self":[{"href":"https:\/\/theoceanconnections.com\/ca\/wp-json\/wp\/v2\/pages\/4279","targetHints":{"allow":["GET"]}}],"collection":[{"href":"https:\/\/theoceanconnections.com\/ca\/wp-json\/wp\/v2\/pages"}],"about":[{"href":"https:\/\/theoceanconnections.com\/ca\/wp-json\/wp\/v2\/types\/page"}],"author":[{"embeddable":true,"href":"https:\/\/theoceanconnections.com\/ca\/wp-json\/wp\/v2\/users\/1"}],"replies":[{"embeddable":true,"href":"https:\/\/theoceanconnections.com\/ca\/wp-json\/wp\/v2\/comments?post=4279"}],"version-history":[{"count":3,"href":"https:\/\/theoceanconnections.com\/ca\/wp-json\/wp\/v2\/pages\/4279\/revisions"}],"predecessor-version":[{"id":4282,"href":"https:\/\/theoceanconnections.com\/ca\/wp-json\/wp\/v2\/pages\/4279\/revisions\/4282"}],"up":[{"embeddable":true,"href":"https:\/\/theoceanconnections.com\/ca\/wp-json\/wp\/v2\/pages\/3293"}],"wp:featuredmedia":[{"embeddable":true,"href":"https:\/\/theoceanconnections.com\/ca\/wp-json\/wp\/v2\/media\/2635"}],"wp:attachment":[{"href":"https:\/\/theoceanconnections.com\/ca\/wp-json\/wp\/v2\/media?parent=4279"}],"curies":[{"name":"wp","href":"https:\/\/api.w.org\/{rel}","templated":true}]}}