{"id":4246,"date":"2026-03-02T20:19:49","date_gmt":"2026-03-02T19:19:49","guid":{"rendered":"https:\/\/theoceanconnections.com\/?page_id=4246"},"modified":"2026-04-07T14:33:53","modified_gmt":"2026-04-07T12:33:53","slug":"joaquim-garrabou","status":"publish","type":"page","link":"https:\/\/theoceanconnections.com\/ca\/entrevistas\/joaquim-garrabou\/","title":{"rendered":"Joaquim Garrabou"},"content":{"rendered":"<h1><strong>Joaquim Garrabou<\/strong><\/h1>\n<p><img decoding=\"async\" loading=\"lazy\" src=\"https:\/\/theoceanconnections.com\/wp-content\/uploads\/2026\/03\/Joaquim-Garrabou-Header.webp\"><noscript><img decoding=\"async\" src=\"https:\/\/theoceanconnections.com\/wp-content\/uploads\/2026\/03\/Joaquim-Garrabou-Header.webp\"><\/noscript><\/p>\n<h3>Investigador s\u00e8nior de l\u2019Institut de Ci\u00e8ncies del Mar (ICM-CSIC)<\/h3>\n<p>Joaquim Garrabou \u00e9s investigador s\u00e8nior de l\u2019Institut de Ci\u00e8ncies del Mar (ICM-CSIC). Porta m\u00e9s de 30 anys analitzant com l\u2019escalfament del Mediterrani danya els fons rocosos i les comunitats de corall tou, i dirigeix un equip que treballa per frenar les mortalitats massives mitjan\u00e7ant l\u2019impuls de m\u00e9s \u00e0rees marines protegides.<\/p>\n<p>A m\u00e9s, coordina Observadores del Mar, la xarxa de ci\u00e8ncia ciutadana que, des del 2012, connecta bussejadors, pescadors i navegants amb cient\u00edfics per recollir dades sobre esp\u00e8cies, residus i canvi clim\u00e0tic.<\/p>\n<p>Aquest treball col\u00b7lectiu ha rebut recentment una menci\u00f3 d\u2019honor de la Uni\u00f3 Europea pel projecte OdM Climate, que ja mobilitza m\u00e9s de 500 bussejadors per monitoritzar la temperatura del mar.<\/p>\n<p><img decoding=\"async\" loading=\"lazy\" src=\"https:\/\/theoceanconnections.com\/wp-content\/uploads\/2026\/03\/joaqui-garrabou_1.webp\"><noscript><img decoding=\"async\" src=\"https:\/\/theoceanconnections.com\/wp-content\/uploads\/2026\/03\/joaqui-garrabou_1.webp\"><\/noscript><\/p>\n<h3>1. En qu\u00e8 se centra avui la teva investigaci\u00f3 i per qu\u00e8 \u00e9s crucial per a la resili\u00e8ncia del Mediterrani?<\/h3>\n<p>El canvi clim\u00e0tic \u00e9s un dels majors reptes als quals s\u2019enfronta la nostra societat. \u00c9s una realitat des de fa d\u00e8cades, i les seves conseq\u00fc\u00e8ncies s\u2019estan accelerant.<\/p>\n<p>Com a investigador, contribueixo a generar evid\u00e8ncia cient\u00edfica perqu\u00e8 l\u2019oce\u00e0 continu\u00ef proporcionant-nos els seus m\u00faltiples serveis per a la mitigaci\u00f3 i l\u2019adaptaci\u00f3 a l\u2019emerg\u00e8ncia clim\u00e0tica. En particular, el meu treball se centra a promoure les \u00e0rees marines protegides com a eines eficaces per augmentar la resili\u00e8ncia davant dels impactes del canvi clim\u00e0tic.<\/p>\n<h3>2. Observadores del Mar compleix m\u00e9s d\u2019una d\u00e8cada. Qu\u00e8 fa \u00fanica la plataforma i quin tipus de dades recull?<\/h3>\n<p>Observadores del Mar \u00e9s una plataforma de ci\u00e8ncia ciutadana marina amb l\u2019objectiu principal de contribuir a la conservaci\u00f3 del medi mar\u00ed. Durant m\u00e9s de 10 anys d\u2019activitat ha implicat milers de ciutadans, entitats de la societat civil, administracions p\u00fabliques i investigadors de diverses organitzacions cient\u00edfiques, ampliant el coneixement sobre l\u2019oce\u00e0, sensibilitzant la societat i establint ponts de di\u00e0leg entre la comunitat cient\u00edfica i els diferents actors del medi mar\u00ed.<\/p>\n<p>La plataforma ha aportat informaci\u00f3 molt rellevant en cinc \u00e0mbits cient\u00edfics principals: l\u2019arribada d\u2019esp\u00e8cies ex\u00f2tiques, els impactes del canvi clim\u00e0tic, les esp\u00e8cies vulnerables, la brossa marina i la biodiversitat.<\/p>\n<p>Gr\u00e0cies a la col\u00b7laboraci\u00f3 de m\u00e9s de 100 investigadors, les observacions dels voluntaris segueixen protocols cient\u00edfics adaptats a la ci\u00e8ncia ciutadana, amb formacions espec\u00edfiques. Aix\u00f2 permet generar informaci\u00f3 rigorosa i \u00fatil per a la conservaci\u00f3 marina. Probablement, aquest sigui el tret m\u00e9s diferencial d\u2019Observadores del Mar: el rigor cient\u00edfic i la formaci\u00f3 dels participants.<\/p>\n<h3>3. La UE acaba d\u2019atorgar una menci\u00f3 d\u2019honor a Observadores del Mar. Qu\u00e8 significa aquest reconeixement?<\/h3>\n<p>El premi ha reconegut un dels principals \u00e8xits de Observadores del Mar: la creaci\u00f3 d\u2019una xarxa ciutadana de seguiment dels efectes del canvi clim\u00e0tic a les costes mediterr\u00e0nies espanyoles.<\/p>\n<p>A trav\u00e9s de formacions h\u00edbrides, tant online com al mar, i gr\u00e0cies a la col\u00b7laboraci\u00f3 de m\u00e9s de 30 centres de busseig que van \u201ccatalitzar\u201d la participaci\u00f3 de m\u00e9s de 500 bussejadors, es van obtenir dades clau sobre esp\u00e8cies de peixos i meduses indicadores del canvi clim\u00e0tic. Tamb\u00e9 es van quantificar els efectes de les mortalitats massives i de la floraci\u00f3 de la faner\u00f2gama marina <em>Posidonia oceanica<\/em>.<\/p>\n<p>Aquestes activitats es van dur a terme gr\u00e0cies al projecte OdM Climate, que sens dubte representa el major esfor\u00e7 de seguiment participatiu realitzat fins ara a les costes espanyoles.<\/p>\n<h3>4. Has dit que \u201cmai vas pensar que arribaries a presenciar aquest col\u00b7lapse d\u2019esp\u00e8cies\u201d. Quines solucions veus per frenar els efectes de les onades de calor marines?<\/h3>\n<p>Efectivament, quan el 1999 vam ser testimonis del primer esdeveniment de mortalitat massiva que va afectar una trentena d\u2019esp\u00e8cies a les costes de Fran\u00e7a i del nord d\u2019It\u00e0lia, vam plantejar la hip\u00f2tesi que, en el context del canvi clim\u00e0tic, aquest tipus d\u2019esdeveniments es podria repetir en el futur.<\/p>\n<p>Malauradament, no nom\u00e9s es va confirmar, sin\u00f3 que avui aquests episodis de mortalitat massiva s\u2019han convertit en la nova normalitat al Mediterrani. Una de les principals conseq\u00fc\u00e8ncies \u00e9s que algunes esp\u00e8cies estan patint processos d\u2019extinci\u00f3 local en diferents zones.<\/p>\n<p>Estem observant una transformaci\u00f3 radical dels fons marins: comunitats complexes i diverses que caracteritzaven el Mediterrani s\u2019estan simplificant en temps real, davant de les nostres incr\u00e8dules mirades.<\/p>\n<p><img decoding=\"async\" loading=\"lazy\" src=\"https:\/\/theoceanconnections.com\/wp-content\/uploads\/2026\/03\/joaqui-garrabou_2.webp\"><noscript><img decoding=\"async\" src=\"https:\/\/theoceanconnections.com\/wp-content\/uploads\/2026\/03\/joaqui-garrabou_2.webp\"><\/noscript><\/p>\n<h3>5. A Ocean Connections utilitzem el terme \u201cgreen storydoer\u201d per referir-nos a qui transforma les idees sobre sostenibilitat en accions concretes. Qu\u00e8 et converteix, segons la teva opini\u00f3, en un green storydoer?<\/h3>\n<p>El meu treball per promoure i augmentar l\u2019efectivitat de les \u00e0rees marines protegides, amb l\u2019objectiu de refor\u00e7ar la resili\u00e8ncia davant de l\u2019emerg\u00e8ncia clim\u00e0tica, t\u00e9 m\u00faltiples dimensions.<\/p>\n<p>Inclou tant aproximacions cient\u00edfiques transdisciplin\u00e0ries per comprendre millor els impactes, com accions de sensibilitzaci\u00f3 social i transfer\u00e8ncia de coneixement per millorar la gesti\u00f3 i la conservaci\u00f3 marina.<\/p>\n<h3>6. Qu\u00e8 et converteix en un Blue Storydoer?<\/h3>\n<h2><strong>Submergeix-te en totes les entrevistes<\/strong><\/h2>\n","protected":false},"excerpt":{"rendered":"<p>Joaquim Garrabou Investigador s\u00e8nior de l\u2019Institut de Ci\u00e8ncies del Mar (ICM-CSIC) Joaquim Garrabou \u00e9s investigador s\u00e8nior de l\u2019Institut de Ci\u00e8ncies del Mar (ICM-CSIC). Porta m\u00e9s de 30 anys analitzant com l\u2019escalfament del Mediterrani danya els fons rocosos i les comunitats de corall tou, i dirigeix un equip que treballa per frenar les mortalitats massives mitjan\u00e7ant l\u2019impuls de m\u00e9s \u00e0rees marines protegides. A m\u00e9s, coordina Observadores del Mar, la xarxa de ci\u00e8ncia ciutadana que, des del 2012, connecta bussejadors, pescadors i [&hellip;]<\/p>\n","protected":false},"author":1,"featured_media":2645,"parent":3293,"menu_order":0,"comment_status":"closed","ping_status":"closed","template":"","meta":{"footnotes":""},"class_list":["post-4246","page","type-page","status-publish","has-post-thumbnail","hentry"],"_links":{"self":[{"href":"https:\/\/theoceanconnections.com\/ca\/wp-json\/wp\/v2\/pages\/4246","targetHints":{"allow":["GET"]}}],"collection":[{"href":"https:\/\/theoceanconnections.com\/ca\/wp-json\/wp\/v2\/pages"}],"about":[{"href":"https:\/\/theoceanconnections.com\/ca\/wp-json\/wp\/v2\/types\/page"}],"author":[{"embeddable":true,"href":"https:\/\/theoceanconnections.com\/ca\/wp-json\/wp\/v2\/users\/1"}],"replies":[{"embeddable":true,"href":"https:\/\/theoceanconnections.com\/ca\/wp-json\/wp\/v2\/comments?post=4246"}],"version-history":[{"count":7,"href":"https:\/\/theoceanconnections.com\/ca\/wp-json\/wp\/v2\/pages\/4246\/revisions"}],"predecessor-version":[{"id":4261,"href":"https:\/\/theoceanconnections.com\/ca\/wp-json\/wp\/v2\/pages\/4246\/revisions\/4261"}],"up":[{"embeddable":true,"href":"https:\/\/theoceanconnections.com\/ca\/wp-json\/wp\/v2\/pages\/3293"}],"wp:featuredmedia":[{"embeddable":true,"href":"https:\/\/theoceanconnections.com\/ca\/wp-json\/wp\/v2\/media\/2645"}],"wp:attachment":[{"href":"https:\/\/theoceanconnections.com\/ca\/wp-json\/wp\/v2\/media?parent=4246"}],"curies":[{"name":"wp","href":"https:\/\/api.w.org\/{rel}","templated":true}]}}