{"id":4208,"date":"2026-03-02T08:54:31","date_gmt":"2026-03-02T07:54:31","guid":{"rendered":"https:\/\/theoceanconnections.com\/?page_id=4208"},"modified":"2026-04-07T12:45:53","modified_gmt":"2026-04-07T10:45:53","slug":"edu-uribesalgo","status":"publish","type":"page","link":"https:\/\/theoceanconnections.com\/ca\/entrevistas\/edu-uribesalgo\/","title":{"rendered":"Edu Uribesalgo"},"content":{"rendered":"<h1>Edu Uribesalgo<\/h1>\n<p><img decoding=\"async\" loading=\"lazy\" src=\"https:\/\/theoceanconnections.com\/wp-content\/uploads\/2026\/03\/Edu-Uribesalgo-Header.webp\"><noscript><img decoding=\"async\" src=\"https:\/\/theoceanconnections.com\/wp-content\/uploads\/2026\/03\/Edu-Uribesalgo-Header.webp\"><\/noscript><\/p>\n<h2>Director d\u2019Innovaci\u00f3 i Sostenibilitat de Ternua Group<\/h2>\n<p>Connectant les profunditats del mar amb la indument\u00e0ria outdoor de muntanya.<\/p>\n<p>Edu Uribesalgo, Director d\u2019Innovaci\u00f3 i Sostenibilitat de Ternua Group i cofundador de Ternua, la marca de qui surt, viatja, busca i troba en la natura el seu espai per deixar un missatge de protecci\u00f3 al m\u00f3n. Una marca d\u2019indument\u00e0ria outdoor que neix inspirada en l\u2019esperit aventurer dels baleners bascos del segle XVI i amb el prop\u00f2sit de retornar al planeta all\u00f2 que el planeta ens ha donat.<\/p>\n<p>Avui, Ternua \u00e9s una marca innovadora en tot el seu proc\u00e9s de producci\u00f3, un referent per a una de les ind\u00fastries que m\u00e9s ho necessita.<\/p>\n<p><img decoding=\"async\" loading=\"lazy\" src=\"https:\/\/theoceanconnections.com\/wp-content\/uploads\/2026\/03\/Edu-Uribesalgo_2.jpg\"><noscript><img decoding=\"async\" src=\"https:\/\/theoceanconnections.com\/wp-content\/uploads\/2026\/03\/Edu-Uribesalgo_2.jpg\"><\/noscript><\/p>\n<h3>1. Ternua, actualment estem optimitzant l\u2019\u00fas de l\u2019aigua per reduir-lo al m\u00e0xim. Treballem amb prove\u00efdors que compten amb les certificacions m\u00e9s exigents, que no utilitzen aigua, o que la recuperen o la purifiquen, reduint dr\u00e0sticament el seu consum.<\/h3>\n<p>Tamb\u00e9 investiguem materials que requereixen menys aigua que d\u2019altres. En el cas dels teixits sint\u00e8tics, estem tenyint el pol\u00edmer en lloc del teixit, cosa que permet estalviar fins a un 60% d\u2019aigua.<\/p>\n<p>De manera constant analitzem si hi ha una manera millor de fer les coses. I si n\u2019hi ha, la implementem.<\/p>\n<h3>2. Com connecta la innovaci\u00f3 sostenible amb el desenvolupament del negoci a Ternua?<\/h3>\n<p>El paper de la innovaci\u00f3 \u00e9s central. El 2006 vam comen\u00e7ar a substituir tot el nostre cot\u00f3 per cot\u00f3 org\u00e0nic. El 2015 vam desenvolupar una col\u00b7lecci\u00f3 lliure de qu\u00edmics altament t\u00f2xics. El 2013 ens vam convertir en pioners en l\u2019\u00fas de plomes reciclades procedents de productes que ja havien complert la seva vida \u00fatil.<\/p>\n<p>Comptem amb projectes com REDCYCLE, que reutilitza xarxes de pesca per crear nous productes, i NUTCYCLE, que utilitza closques de nou per generar tints naturals.<\/p>\n<p>Vivim la innovaci\u00f3 sostenible de manera constant, i forma part de l\u2019ADN de la marca.<\/p>\n<h3>3. Quina \u00e9s la teva connexi\u00f3 personal amb els oceans?<\/h3>\n<p>Soc del Pa\u00eds Basc, un lloc on la muntanya i el mar es troben i es connecten. Tots dos formen part del nostre entorn, i per a mi \u2014i per a nosaltres\u2014 s\u00f3n igual d\u2019importants.<\/p>\n<p>La nostra marca explica hist\u00f2ries d\u2019aventura. Amb el temps vam entendre que el mar i la muntanya, i l\u2019aventura que es viu en tots dos, comparteixen molt m\u00e9s del que sembla: els mateixos valors, la mateixa ess\u00e8ncia.<\/p>\n<h3>4. Si haguessis d\u2019explicar Ternua en termes de connectar una cosa amb una altra, com ho explicaries?<\/h3>\n<p>El que connectem amb els consumidors i amb el mercat \u00e9s la demostraci\u00f3 que les coses es poden fer d\u2019una altra manera. Quan vam comen\u00e7ar a explicar no nom\u00e9s el qu\u00e8 fem, sin\u00f3 el com ho fem, vam veure que comen\u00e7\u00e0vem a inspirar altres persones.<\/p>\n<p>Hi ha marques que venen productes buits. Nosaltres tenim una manera de fer i uns valors al darrere que s\u00f3n, en \u00faltima inst\u00e0ncia, els que realment connecten amb les persones.<\/p>\n<h3>5. Qu\u00e8 et converteix en un Blue Storydoer?<\/h3>\n<h2><strong>Sum\u00e9rgete en todas las entrevistas<\/strong><\/h2>\n","protected":false},"excerpt":{"rendered":"<p>Edu Uribesalgo Director d\u2019Innovaci\u00f3 i Sostenibilitat de Ternua Group Connectant les profunditats del mar amb la indument\u00e0ria outdoor de muntanya. Edu Uribesalgo, Director d\u2019Innovaci\u00f3 i Sostenibilitat de Ternua Group i cofundador de Ternua, la marca de qui surt, viatja, busca i troba en la natura el seu espai per deixar un missatge de protecci\u00f3 al m\u00f3n. Una marca d\u2019indument\u00e0ria outdoor que neix inspirada en l\u2019esperit aventurer dels baleners bascos del segle XVI i amb el prop\u00f2sit de retornar al planeta [&hellip;]<\/p>\n","protected":false},"author":1,"featured_media":2623,"parent":3293,"menu_order":0,"comment_status":"closed","ping_status":"closed","template":"","meta":{"footnotes":""},"class_list":["post-4208","page","type-page","status-publish","has-post-thumbnail","hentry"],"_links":{"self":[{"href":"https:\/\/theoceanconnections.com\/ca\/wp-json\/wp\/v2\/pages\/4208","targetHints":{"allow":["GET"]}}],"collection":[{"href":"https:\/\/theoceanconnections.com\/ca\/wp-json\/wp\/v2\/pages"}],"about":[{"href":"https:\/\/theoceanconnections.com\/ca\/wp-json\/wp\/v2\/types\/page"}],"author":[{"embeddable":true,"href":"https:\/\/theoceanconnections.com\/ca\/wp-json\/wp\/v2\/users\/1"}],"replies":[{"embeddable":true,"href":"https:\/\/theoceanconnections.com\/ca\/wp-json\/wp\/v2\/comments?post=4208"}],"version-history":[{"count":5,"href":"https:\/\/theoceanconnections.com\/ca\/wp-json\/wp\/v2\/pages\/4208\/revisions"}],"predecessor-version":[{"id":4213,"href":"https:\/\/theoceanconnections.com\/ca\/wp-json\/wp\/v2\/pages\/4208\/revisions\/4213"}],"up":[{"embeddable":true,"href":"https:\/\/theoceanconnections.com\/ca\/wp-json\/wp\/v2\/pages\/3293"}],"wp:featuredmedia":[{"embeddable":true,"href":"https:\/\/theoceanconnections.com\/ca\/wp-json\/wp\/v2\/media\/2623"}],"wp:attachment":[{"href":"https:\/\/theoceanconnections.com\/ca\/wp-json\/wp\/v2\/media?parent=4208"}],"curies":[{"name":"wp","href":"https:\/\/api.w.org\/{rel}","templated":true}]}}