{"id":4146,"date":"2026-03-06T12:23:43","date_gmt":"2026-03-06T11:23:43","guid":{"rendered":"https:\/\/theoceanconnections.com\/?page_id=4146"},"modified":"2026-04-05T12:08:30","modified_gmt":"2026-04-05T10:08:30","slug":"gen-alpha-the-most-liquid-generation-in-history_","status":"publish","type":"page","link":"https:\/\/theoceanconnections.com\/ca\/gen-alpha-the-most-liquid-generation-in-history_\/","title":{"rendered":"Gen Alpha: The Most Liquid Generation in History_"},"content":{"rendered":"<h1>Gen Alpha: The Most Liquid Generation in History<\/h1>\n<p><img decoding=\"async\" loading=\"lazy\" src=\"https:\/\/theoceanconnections.com\/wp-content\/uploads\/2026\/03\/gen-alpha-liquid.webp\"><noscript><img decoding=\"async\" src=\"https:\/\/theoceanconnections.com\/wp-content\/uploads\/2026\/03\/gen-alpha-liquid.webp\"><\/noscript><\/p>\n<p>Vull compartir un insight que no deixa d\u2019apar\u00e8ixer en la nostra investigaci\u00f3 sobre la relaci\u00f3 entre la Generaci\u00f3 Alpha i els oceans:<\/p>\n<p>L\u2019oce\u00e0 ser\u00e0 el seu nou \u201cterritori cultural\u201d: identitat, prop\u00f2sit i acci\u00f3.<\/p>\n<p>Els oceans es convertiran en el seu filtre per a tot: marques, pol\u00edtica, consum i futur. La Gen Alpha no \u201caprendr\u00e0\u201d ni \u201cprendr\u00e0 consci\u00e8ncia\u201d de l\u2019oce\u00e0; creixer\u00e0 veient si est\u00e0 preservat o trencat.<\/p>\n<p>No s\u2019hi connectaran com a una tend\u00e8ncia.<\/p>\n<p>S\u2019hi connectaran perqu\u00e8 \u00e9s essencial per al seu futur i la seva economia.<\/p>\n<p>Wow\u2026 podria ser aquesta la primera generaci\u00f3 realment conscient que el 70% de la Terra est\u00e0 coberta per aigua?<\/p>\n<p>El cervell i el cor humans s\u00f3n aproximadament un 73% aigua.<\/p>\n<p>Els nadons i la Gen Alpha s\u00f3n entre un 75% i un 78% aigua.<\/p>\n<p>Els adults es mouen al voltant del 60%.<\/p>\n<p>Per primera vegada, una generaci\u00f3 ent\u00e9n una cosa que molts hem oblidat:<\/p>\n<p>No vivim a prop de l\u2019oce\u00e0\u2026 vivim dins seu.<\/p>\n","protected":false},"excerpt":{"rendered":"<p>Gen Alpha: The Most Liquid Generation in History Vull compartir un insight que no deixa d\u2019apar\u00e8ixer en la nostra investigaci\u00f3 sobre la relaci\u00f3 entre la Generaci\u00f3 Alpha i els oceans: L\u2019oce\u00e0 ser\u00e0 el seu nou \u201cterritori cultural\u201d: identitat, prop\u00f2sit i acci\u00f3. Els oceans es convertiran en el seu filtre per a tot: marques, pol\u00edtica, consum i futur. La Gen Alpha no \u201caprendr\u00e0\u201d ni \u201cprendr\u00e0 consci\u00e8ncia\u201d de l\u2019oce\u00e0; creixer\u00e0 veient si est\u00e0 preservat o trencat. No s\u2019hi connectaran com a una [&hellip;]<\/p>\n","protected":false},"author":1,"featured_media":3164,"parent":0,"menu_order":0,"comment_status":"closed","ping_status":"closed","template":"","meta":{"footnotes":""},"class_list":["post-4146","page","type-page","status-publish","has-post-thumbnail","hentry"],"_links":{"self":[{"href":"https:\/\/theoceanconnections.com\/ca\/wp-json\/wp\/v2\/pages\/4146","targetHints":{"allow":["GET"]}}],"collection":[{"href":"https:\/\/theoceanconnections.com\/ca\/wp-json\/wp\/v2\/pages"}],"about":[{"href":"https:\/\/theoceanconnections.com\/ca\/wp-json\/wp\/v2\/types\/page"}],"author":[{"embeddable":true,"href":"https:\/\/theoceanconnections.com\/ca\/wp-json\/wp\/v2\/users\/1"}],"replies":[{"embeddable":true,"href":"https:\/\/theoceanconnections.com\/ca\/wp-json\/wp\/v2\/comments?post=4146"}],"version-history":[{"count":9,"href":"https:\/\/theoceanconnections.com\/ca\/wp-json\/wp\/v2\/pages\/4146\/revisions"}],"predecessor-version":[{"id":4155,"href":"https:\/\/theoceanconnections.com\/ca\/wp-json\/wp\/v2\/pages\/4146\/revisions\/4155"}],"wp:featuredmedia":[{"embeddable":true,"href":"https:\/\/theoceanconnections.com\/ca\/wp-json\/wp\/v2\/media\/3164"}],"wp:attachment":[{"href":"https:\/\/theoceanconnections.com\/ca\/wp-json\/wp\/v2\/media?parent=4146"}],"curies":[{"name":"wp","href":"https:\/\/api.w.org\/{rel}","templated":true}]}}