{"id":4105,"date":"2026-03-11T08:31:08","date_gmt":"2026-03-11T07:31:08","guid":{"rendered":"https:\/\/theoceanconnections.com\/?page_id=4105"},"modified":"2026-04-05T11:40:51","modified_gmt":"2026-04-05T09:40:51","slug":"ramon-mirabet-travessia-2026-sense-blau-no-hi-ha-verd","status":"publish","type":"page","link":"https:\/\/theoceanconnections.com\/ca\/ramon-mirabet-travessia-2026-sense-blau-no-hi-ha-verd\/","title":{"rendered":"Ramon Mirabet, Travessia 2026. Sense blau no hi ha verd."},"content":{"rendered":"<h1><strong>Sin azul no hay verde<\/strong><\/h1>\n<p><img decoding=\"async\" loading=\"lazy\" src=\"https:\/\/theoceanconnections.com\/wp-content\/uploads\/2026\/03\/Ramon-Mirabe.webp\"><noscript><img decoding=\"async\" src=\"https:\/\/theoceanconnections.com\/wp-content\/uploads\/2026\/03\/Ramon-Mirabe.webp\"><\/noscript><\/p>\n<p>En aquest World Ocean Day 2025 presentem <em>Sense blau no hi ha verd<\/em>, amb un avan\u00e7ament del que ser\u00e0 la Travessia de Ramon Mirabet el 2026. <em>Sense blau no hi ha verd<\/em> \u00e9s una iniciativa liderada per Ramon Mirabet i Old Surfer, l\u2019ag\u00e8ncia de canvi dedicada a connectar la sostenibilitat amb el consumidor.<\/p>\n<p>El projecte neix amb l\u2019objectiu de divulgar, conscienciar i generar fons per a accions destinades a la protecci\u00f3 del mar Mediterrani i la seva biodiversitat. <em>Sense blau no hi ha verd<\/em> molt aviat ser\u00e0 una can\u00e7\u00f3 i, avui, ja \u00e9s una crida a l\u2019acci\u00f3 conjunta, oberta a la participaci\u00f3 de tothom<\/p>\n<p><strong>El projecte<\/strong><\/p>\n<p><em>Sense blau no hi ha verd<\/em> \u00e9s el t\u00edtol i el cor del projecte que lidera Ramon Mirabet per a la seva Travessia 2026, amb escenaris i presentacions en diversos punts de la costa del Mediterrani.<\/p>\n<p><em>Sense blau no hi ha verd<\/em> tamb\u00e9 ser\u00e0 el t\u00edtol de la can\u00e7\u00f3 de difusi\u00f3 de la seva Travessia 2026, una iniciativa que neix amb l\u2019objectiu de col\u00b7laborar activament en la protecci\u00f3 del mar Mediterrani, ja que el 100% del que es recapti amb la can\u00e7\u00f3 es destinar\u00e0 a ONG i fundacions que dediquin tots els seus esfor\u00e7os a accions per a la cura del Mediterrani. Des d\u2019avui, en Ramon ens convida, juntament amb Observadores del Mar, a sumar-nos a la causa, i molt aviat al cor, perqu\u00e8 si la causa \u00e9s de tots, el cor tamb\u00e9 ho ser\u00e0.<\/p>\n<p>Properament anirem sumant i compartint projectes cient\u00edfics d\u2019entitats i fundacions, aix\u00ed com la participaci\u00f3 d\u2019empreses que s\u2019aniran afegint al projecte perqu\u00e8, junts, aconseguim fer d\u2019aquesta causa un moviment cada vegada m\u00e9s gran. Per tot aix\u00f2, <em>Sense blau no hi ha verd<\/em> \u00e9s molt m\u00e9s que la can\u00e7\u00f3 d\u2019una gira: \u00e9s un moviment, perqu\u00e8 \u00e9s m\u00fasica, i no hi ha m\u00fasica sense moviment.<\/p>\n<p><strong>Observadores del Mar, perqu\u00e8 sense observaci\u00f3 no hi ha canvi.<\/strong><\/p>\n<p>Comptar amb el suport de Observadores del Mar significa formar part d\u2019una xarxa de ci\u00e8ncia ciutadana dedicada a la investigaci\u00f3 i conservaci\u00f3 del medi mar\u00ed. Aquesta plataforma reuneix voluntaris i cient\u00edfics per recopilar dades sobre la vida marina i l\u2019impacte del canvi clim\u00e0tic.<\/p>\n<p>Gr\u00e0cies a aquesta col\u00b7laboraci\u00f3, Ramon Mirabet i la Travessia 2026 <em>Sense blau no hi ha verd<\/em> compten amb el suport d\u2019una plataforma amb m\u00e9s de 50 cient\u00edfics i nombrosos voluntaris, fonamentals per garantir un \u00fas m\u00e9s eficient dels fons recaptats per la can\u00e7\u00f3 <em>Sense blau no hi ha verd<\/em> en la seva Travessia 2026 per la protecci\u00f3 del Mediterrani.<\/p>\n","protected":false},"excerpt":{"rendered":"<p>Sin azul no hay verde En aquest World Ocean Day 2025 presentem Sense blau no hi ha verd, amb un avan\u00e7ament del que ser\u00e0 la Travessia de Ramon Mirabet el 2026. Sense blau no hi ha verd \u00e9s una iniciativa liderada per Ramon Mirabet i Old Surfer, l\u2019ag\u00e8ncia de canvi dedicada a connectar la sostenibilitat amb el consumidor. El projecte neix amb l\u2019objectiu de divulgar, conscienciar i generar fons per a accions destinades a la protecci\u00f3 del mar Mediterrani i [&hellip;]<\/p>\n","protected":false},"author":1,"featured_media":3228,"parent":0,"menu_order":0,"comment_status":"closed","ping_status":"closed","template":"","meta":{"footnotes":""},"class_list":["post-4105","page","type-page","status-publish","has-post-thumbnail","hentry"],"_links":{"self":[{"href":"https:\/\/theoceanconnections.com\/ca\/wp-json\/wp\/v2\/pages\/4105","targetHints":{"allow":["GET"]}}],"collection":[{"href":"https:\/\/theoceanconnections.com\/ca\/wp-json\/wp\/v2\/pages"}],"about":[{"href":"https:\/\/theoceanconnections.com\/ca\/wp-json\/wp\/v2\/types\/page"}],"author":[{"embeddable":true,"href":"https:\/\/theoceanconnections.com\/ca\/wp-json\/wp\/v2\/users\/1"}],"replies":[{"embeddable":true,"href":"https:\/\/theoceanconnections.com\/ca\/wp-json\/wp\/v2\/comments?post=4105"}],"version-history":[{"count":11,"href":"https:\/\/theoceanconnections.com\/ca\/wp-json\/wp\/v2\/pages\/4105\/revisions"}],"predecessor-version":[{"id":4127,"href":"https:\/\/theoceanconnections.com\/ca\/wp-json\/wp\/v2\/pages\/4105\/revisions\/4127"}],"wp:featuredmedia":[{"embeddable":true,"href":"https:\/\/theoceanconnections.com\/ca\/wp-json\/wp\/v2\/media\/3228"}],"wp:attachment":[{"href":"https:\/\/theoceanconnections.com\/ca\/wp-json\/wp\/v2\/media?parent=4105"}],"curies":[{"name":"wp","href":"https:\/\/api.w.org\/{rel}","templated":true}]}}