{"id":4059,"date":"2026-03-02T12:22:19","date_gmt":"2026-03-02T11:22:19","guid":{"rendered":"https:\/\/theoceanconnections.com\/?page_id=4059"},"modified":"2026-04-04T05:44:23","modified_gmt":"2026-04-04T03:44:23","slug":"diego-gallegos","status":"publish","type":"page","link":"https:\/\/theoceanconnections.com\/ca\/entrevistas\/diego-gallegos\/","title":{"rendered":"Diego Gallegos"},"content":{"rendered":"<h1>Diego Gallegos<\/h1>\n<p><img decoding=\"async\" loading=\"lazy\" src=\"https:\/\/theoceanconnections.com\/wp-content\/uploads\/2026\/03\/Diego-gallegos_header.webp\"><noscript><img decoding=\"async\" src=\"https:\/\/theoceanconnections.com\/wp-content\/uploads\/2026\/03\/Diego-gallegos_header.webp\"><\/noscript><\/p>\n<h3><strong>Xef internacional premiat amb dues estrelles Michelin.<\/strong><\/h3>\n<p><strong>@sollorestaurante &#8211; Sustainable gastronomy<\/strong><\/p>\n<p>Connectant l\u2019alta cuina amb l\u2019aigua com a font de recursos sostenibles per a l\u2019alimentaci\u00f3. Diego Gallegos, xef internacional multipremiat per Michelin i recentment guardonat amb una Estrella Verda Michelin per la seva tasca com a xef i investigador en el camp de la gastroacuaponia, un sistema de producci\u00f3 d\u2019aliments sostenibles a partir de petits ecosistemes circulars, on l\u2019aigua t\u00e9 un paper essencial com a generadora de recursos sostenibles per a l\u2019alimentaci\u00f3.<\/p>\n<p>Diego ja forma part de The Ocean Connections. Els l\u00edders del canvi sostenible s\u00f3n a bord de la primera comunitat del m\u00f3n en acci\u00f3 pels oceans.<\/p>\n<p><img decoding=\"async\" loading=\"lazy\" src=\"https:\/\/news.theoceanconnections.com\/wp-content\/uploads\/2026\/03\/Profundudades-1.webp\"><noscript><img decoding=\"async\" src=\"https:\/\/news.theoceanconnections.com\/wp-content\/uploads\/2026\/03\/Profundudades-1.webp\"><\/noscript><\/p>\n<h2>Qu\u00e8 et converteix en un Blue Storydoer?<\/h2>\n<h2>Submergeix-te en totes les entrevistes<\/h2>\n","protected":false},"excerpt":{"rendered":"<p>Diego Gallegos Xef internacional premiat amb dues estrelles Michelin. @sollorestaurante &#8211; Sustainable gastronomy Connectant l\u2019alta cuina amb l\u2019aigua com a font de recursos sostenibles per a l\u2019alimentaci\u00f3. Diego Gallegos, xef internacional multipremiat per Michelin i recentment guardonat amb una Estrella Verda Michelin per la seva tasca com a xef i investigador en el camp de la gastroacuaponia, un sistema de producci\u00f3 d\u2019aliments sostenibles a partir de petits ecosistemes circulars, on l\u2019aigua t\u00e9 un paper essencial com a generadora de recursos [&hellip;]<\/p>\n","protected":false},"author":1,"featured_media":3327,"parent":3293,"menu_order":0,"comment_status":"closed","ping_status":"closed","template":"","meta":{"footnotes":""},"class_list":["post-4059","page","type-page","status-publish","has-post-thumbnail","hentry"],"_links":{"self":[{"href":"https:\/\/theoceanconnections.com\/ca\/wp-json\/wp\/v2\/pages\/4059","targetHints":{"allow":["GET"]}}],"collection":[{"href":"https:\/\/theoceanconnections.com\/ca\/wp-json\/wp\/v2\/pages"}],"about":[{"href":"https:\/\/theoceanconnections.com\/ca\/wp-json\/wp\/v2\/types\/page"}],"author":[{"embeddable":true,"href":"https:\/\/theoceanconnections.com\/ca\/wp-json\/wp\/v2\/users\/1"}],"replies":[{"embeddable":true,"href":"https:\/\/theoceanconnections.com\/ca\/wp-json\/wp\/v2\/comments?post=4059"}],"version-history":[{"count":6,"href":"https:\/\/theoceanconnections.com\/ca\/wp-json\/wp\/v2\/pages\/4059\/revisions"}],"predecessor-version":[{"id":4072,"href":"https:\/\/theoceanconnections.com\/ca\/wp-json\/wp\/v2\/pages\/4059\/revisions\/4072"}],"up":[{"embeddable":true,"href":"https:\/\/theoceanconnections.com\/ca\/wp-json\/wp\/v2\/pages\/3293"}],"wp:featuredmedia":[{"embeddable":true,"href":"https:\/\/theoceanconnections.com\/ca\/wp-json\/wp\/v2\/media\/3327"}],"wp:attachment":[{"href":"https:\/\/theoceanconnections.com\/ca\/wp-json\/wp\/v2\/media?parent=4059"}],"curies":[{"name":"wp","href":"https:\/\/api.w.org\/{rel}","templated":true}]}}