{"id":4046,"date":"2026-03-04T11:36:49","date_gmt":"2026-03-04T10:36:49","guid":{"rendered":"https:\/\/theoceanconnections.com\/?page_id=4046"},"modified":"2026-04-04T05:23:34","modified_gmt":"2026-04-04T03:23:34","slug":"antonio-espinosa-de-los-monteros","status":"publish","type":"page","link":"https:\/\/theoceanconnections.com\/ca\/entrevistas\/antonio-espinosa-de-los-monteros\/","title":{"rendered":"Antonio Espinosa de los Monteros"},"content":{"rendered":"<h1><strong>Antonio Espinosa de los Monteros<\/strong><\/h1>\n<p><img decoding=\"async\" loading=\"lazy\" src=\"https:\/\/theoceanconnections.com\/wp-content\/uploads\/2026\/03\/Antonio-Espinosa-de-los-Monteros-Header.webp\"><noscript><img decoding=\"async\" src=\"https:\/\/theoceanconnections.com\/wp-content\/uploads\/2026\/03\/Antonio-Espinosa-de-los-Monteros-Header.webp\"><\/noscript><\/p>\n<h4><strong>CEO a Auara | One Young World TOP 15 Entrepreneur 2020.<\/strong><\/h4>\n<h2><strong>Auara<\/strong><\/h2>\n<p><strong>Connectar amb l\u2019aigua \u00e9s connectar amb la vida.<\/strong><\/p>\n<p>Va estudiar Arquitectura i, al llarg de la seva traject\u00f2ria, va estar implicat en projectes de cooperaci\u00f3, viatjant a pa\u00efsos com el Per\u00fa, Cambodja, Eti\u00f2pia o Burkina Faso. Va ser en un d\u2019aquests viatges quan va decidir centrar el seu prop\u00f2sit en l\u2019aigua. Antonio Espinosa de los Monteros \u00e9s CEO i cofundador de Auara, una empresa social que embotella aigua mineral en un env\u00e0s 100% reciclat i reciclable per evitar que aquest pl\u00e0stic arribi al mar i que, a m\u00e9s, destina tots els seus beneficis a desenvolupar projectes d\u2019acc\u00e9s a aigua potable per a qui m\u00e9s ho necessita.<\/p>\n<p>Antonio i Auara ja formen part de The Ocean Connections. Els l\u00edders del canvi sostenible s\u00f3n a bord de la primera comunitat del m\u00f3n en acci\u00f3 pels oceans.<\/p>\n<p>M\u00e9s informaci\u00f3 a: <a href=\"https:\/\/auara.org\" target=\"_blank\" rel=\"noopener noreferrer\">https:\/\/auara.org<\/a><\/p>\n<p><img decoding=\"async\" loading=\"lazy\" src=\"https:\/\/news.theoceanconnections.com\/wp-content\/uploads\/2026\/03\/hf_20260205_103209_07c2c900-5924-446b-aedb-565740683fd4-3-1.webp\"><noscript><img decoding=\"async\" src=\"https:\/\/news.theoceanconnections.com\/wp-content\/uploads\/2026\/03\/hf_20260205_103209_07c2c900-5924-446b-aedb-565740683fd4-3-1.webp\"><\/noscript><\/p>\n<h2><strong>Submergeix-te en totes les entrevistes<\/strong><\/h2>\n<h2><strong>Sum\u00e9rgete en todas las entrevistas<\/strong><\/h2>\n","protected":false},"excerpt":{"rendered":"<p>Antonio Espinosa de los Monteros CEO a Auara | One Young World TOP 15 Entrepreneur 2020. Auara Connectar amb l\u2019aigua \u00e9s connectar amb la vida. Va estudiar Arquitectura i, al llarg de la seva traject\u00f2ria, va estar implicat en projectes de cooperaci\u00f3, viatjant a pa\u00efsos com el Per\u00fa, Cambodja, Eti\u00f2pia o Burkina Faso. Va ser en un d\u2019aquests viatges quan va decidir centrar el seu prop\u00f2sit en l\u2019aigua. Antonio Espinosa de los Monteros \u00e9s CEO i cofundador de Auara, una [&hellip;]<\/p>\n","protected":false},"author":1,"featured_media":2619,"parent":3293,"menu_order":0,"comment_status":"closed","ping_status":"closed","template":"","meta":{"footnotes":""},"class_list":["post-4046","page","type-page","status-publish","has-post-thumbnail","hentry"],"_links":{"self":[{"href":"https:\/\/theoceanconnections.com\/ca\/wp-json\/wp\/v2\/pages\/4046","targetHints":{"allow":["GET"]}}],"collection":[{"href":"https:\/\/theoceanconnections.com\/ca\/wp-json\/wp\/v2\/pages"}],"about":[{"href":"https:\/\/theoceanconnections.com\/ca\/wp-json\/wp\/v2\/types\/page"}],"author":[{"embeddable":true,"href":"https:\/\/theoceanconnections.com\/ca\/wp-json\/wp\/v2\/users\/1"}],"replies":[{"embeddable":true,"href":"https:\/\/theoceanconnections.com\/ca\/wp-json\/wp\/v2\/comments?post=4046"}],"version-history":[{"count":4,"href":"https:\/\/theoceanconnections.com\/ca\/wp-json\/wp\/v2\/pages\/4046\/revisions"}],"predecessor-version":[{"id":4058,"href":"https:\/\/theoceanconnections.com\/ca\/wp-json\/wp\/v2\/pages\/4046\/revisions\/4058"}],"up":[{"embeddable":true,"href":"https:\/\/theoceanconnections.com\/ca\/wp-json\/wp\/v2\/pages\/3293"}],"wp:featuredmedia":[{"embeddable":true,"href":"https:\/\/theoceanconnections.com\/ca\/wp-json\/wp\/v2\/media\/2619"}],"wp:attachment":[{"href":"https:\/\/theoceanconnections.com\/ca\/wp-json\/wp\/v2\/media?parent=4046"}],"curies":[{"name":"wp","href":"https:\/\/api.w.org\/{rel}","templated":true}]}}