{"id":4033,"date":"2026-03-03T03:24:23","date_gmt":"2026-03-03T02:24:23","guid":{"rendered":"https:\/\/theoceanconnections.com\/?page_id=4033"},"modified":"2026-04-04T05:14:50","modified_gmt":"2026-04-04T03:14:50","slug":"agustin-de-saralegui-perez","status":"publish","type":"page","link":"https:\/\/theoceanconnections.com\/ca\/entrevistas\/agustin-de-saralegui-perez\/","title":{"rendered":"Agust\u00edn de Saralegui P\u00e9rez"},"content":{"rendered":"<h1>Agust\u00edn de Saralegui P\u00e9rez<\/h1>\n<p><img decoding=\"async\" loading=\"lazy\" src=\"https:\/\/theoceanconnections.com\/wp-content\/uploads\/2026\/03\/Agustin-de-Saralegui-Perez.webp\"><noscript><img decoding=\"async\" src=\"https:\/\/theoceanconnections.com\/wp-content\/uploads\/2026\/03\/Agustin-de-Saralegui-Perez.webp\"><\/noscript><\/p>\n<h3>Ecoembes \u2013 Product Owner especialitzat en Empreses de Serveis Mediambientals<\/h3>\n<h2>1. Com a Product Owner d\u2019Ecoembes, com converteixes una idea inicial en una aplicaci\u00f3 que incentivi el reciclatge i la protecci\u00f3 dels oceans?<\/h2>\n<p>Comencem identificant el problema, ja que encara hi ha persones que no reciclen tots els envasos dels productes que consumeixen. A partir d\u2019aqu\u00ed, i recolzats en la tecnologia i en els principis de l\u2019economia conductual, la nostra proposta de valor consisteix en una aplicaci\u00f3 (RECICLOS) que incentiva l\u2019usuari mitjan\u00e7ant recompenses individuals i col\u00b7lectives per generar un canvi i produir un impacte directe en el medi ambient.<\/p>\n<p>Per a nosaltres \u00e9s clau con\u00e8ixer l\u2019usuari, per aix\u00f2 realitzem de manera cont\u00ednua entrevistes, enquestes i altres t\u00e8cniques d\u2019investigaci\u00f3. Aix\u00f2 ens permet aprofundir en les seves resist\u00e8ncies, h\u00e0bits i motivacions respecte al reciclatge. Les conclusions es converteixen en la base per dissenyar una experi\u00e8ncia d\u2019usuari intu\u00eftiva i atractiva, incorporant funcionalitats que no nom\u00e9s fomenten el reciclatge, sin\u00f3 que tamb\u00e9 permeten a l\u2019usuari visualitzar l\u2019impacte positiu de les seves accions.<\/p>\n<p>El m\u00e9s enriquidor d\u2019aquest proc\u00e9s \u00e9s que no es tracta d\u2019alguna cosa est\u00e0tica, sin\u00f3 que les metodologies \u00e0gils ens permeten evolucionar l\u2019app mitjan\u00e7ant un proc\u00e9s iteratiu d\u2019alta freq\u00fc\u00e8ncia, on cada versi\u00f3 incorpora aprenentatges dels usuaris i de l\u2019entorn.<\/p>\n<p><img decoding=\"async\" loading=\"lazy\" src=\"https:\/\/theoceanconnections.com\/wp-content\/uploads\/2026\/03\/Agustin.webp\"><noscript><img decoding=\"async\" src=\"https:\/\/theoceanconnections.com\/wp-content\/uploads\/2026\/03\/Agustin.webp\"><\/noscript><\/p>\n<h2>2. De quina manera les seves eines digitals ajuden a reduir els residus que arriben al mar i com mesuren el seu impacte real en la salut marina?<\/h2>\n<p>El que hem apr\u00e8s a trav\u00e9s dels nostres estudis qualitatius \u00e9s que la principal motivaci\u00f3 d\u2019entrada per als usuaris de RECICLOS \u00e9s contribuir activament a causes solid\u00e0ries i a la millora del medi ambient mitjan\u00e7ant el reciclatge. Aquests resultats es veuen refor\u00e7ats per dades quantitatives i per les pr\u00f2pies m\u00e8triques d\u2019\u00fas de l\u2019app, que confirmen que la nostra eina aconsegueix involucrar i fidelitzar els usuaris en l\u2019acci\u00f3 de reciclar de manera constant.<\/p>\n<p>Tot i que RECICLOS encara es troba en fase de proves i desplegament nacional, les dades preliminars s\u00f3n prometedores. A les ciutats on ja est\u00e0 disponible, hem observat un augment significatiu en les taxes d\u2019aportaci\u00f3 al contenidor groc, mitigant aix\u00ed la quantitat de residus que acaben en els espais naturals, inclosos els oceans.<\/p>\n<p>RECICLOS no \u00e9s nom\u00e9s una app; \u00e9s un catalitzador de canvi que connecta les persones amb la idea que cada acci\u00f3 compta. En incentivar el reciclatge amb recompenses alineades amb causes mediambientals, aconseguim que els usuaris percebin l\u2019impacte de les seves decisions, motivant-los a formar part d\u2019un esfor\u00e7 col\u00b7lectiu que protegeix els nostres mars i oceans per a les futures generacions.<\/p>\n<h2>3. Amb RECICLOS, les llaunes i ampolles reciclades es transformen en suport a projectes ambientals. Podries mencionar alguna organitzaci\u00f3 dedicada a la conservaci\u00f3 dels mars a la qual h\u00e0giu ajudat?<\/h2>\n<p>Des del llan\u00e7ament de l\u2019aplicaci\u00f3, els usuaris de RECICLOS han col\u00b7laborat activament, a trav\u00e9s del seu reciclatge, amb diverses organitzacions ambientals que treballen en la protecci\u00f3 dels oceans com Oce\u00e1nidas o Alnitak, entre altres. A m\u00e9s, hem impulsat projectes de conservaci\u00f3 d\u2019aiguamolls i d\u2019esp\u00e8cies marines com el cavallet de mar.<\/p>\n<p><img decoding=\"async\" loading=\"lazy\" src=\"https:\/\/theoceanconnections.com\/wp-content\/uploads\/2026\/03\/Old-Surfer-Olas.webp\"><noscript><img decoding=\"async\" src=\"https:\/\/theoceanconnections.com\/wp-content\/uploads\/2026\/03\/Old-Surfer-Olas.webp\"><\/noscript><\/p>\n<h2>4. Amb la r\u00e0pida evoluci\u00f3 tecnol\u00f2gica, esteu explorant l\u2019\u00fas de la intel\u00b7lig\u00e8ncia artificial, l\u2019an\u00e0lisi de dades o altres eines digitals per millorar les vostres aplicacions i potenciar la protecci\u00f3 dels oceans?<\/h2>\n<p>RECICLOS \u00e9s un projecte amb base tecnol\u00f2gica que ha vingut a digitalitzar l\u2019h\u00e0bit del reciclatge per apropar-lo a nous usuaris. Utilitzem intel\u00b7lig\u00e8ncia artificial per al reconeixement dels envasos escanejats pels usuaris i per identificar com a tals els contenidors on els dipositen.<\/p>\n<p>La presa de decisions est\u00e0 sempre fonamentada en un enfocament cient\u00edfic, guiat per l\u2019an\u00e0lisi de dades i l\u2019experimentaci\u00f3. A trav\u00e9s de l\u2019anal\u00edtica d\u2019\u00fas i l\u2019estudi de patrons de comportament, identifiquem quins aspectes de l\u2019app generen m\u00e9s engagement, on existeixen oportunitats de millora i com optimitzar la retenci\u00f3. Aquest enfocament basat en la iteraci\u00f3 i l\u2019aprenentatge continu ens permet prioritzar el nostre roadmap de manera estrat\u00e8gica, maximitzant tant l\u2019impacte ambiental com la satisfacci\u00f3 de l\u2019usuari.<\/p>\n<h2>5. Qu\u00e8 et converteix en un Blue Storydoer?<\/h2>\n<p>Hi ha alguna cosa que guia la meva traject\u00f2ria professional des de fa anys: alinear els objectius de negoci d\u2019empreses amb prop\u00f2sit amb les necessitats dels seus usuaris.<\/p>\n<p>Des de la meva etapa com a Director de M\u00e0rqueting a la primera empresa de carsharing implantada a Madrid fins al meu rol actual com a Product Owner a Ecoembes, he treballat sempre per transformar idees en accions concretes.<\/p>\n<p>Crec fermament que tots tenim la responsabilitat de construir, des de la nostra \u00e0rea de coneixement i influ\u00e8ncia, el m\u00f3n en qu\u00e8 volem viure.<\/p>\n<p>En el meu cas, he trobat en la tecnologia una eina poderosa per impulsar el canvi, motivant les persones a actuar i generant un impacte tangible en temes cr\u00edtics com la sostenibilitat.<\/p>\n<p>Ser un \u201cstorydoer\u201d per a mi significa dissenyar solucions que mobilitzin altres a formar part del canvi. Gaudeixo liderant iniciatives que transcendeixen les paraules i contribueixen a crear un m\u00f3n millor.<\/p>\n<h2><strong>Submergeix-te en totes les entrevistes<\/strong><\/h2>\n","protected":false},"excerpt":{"rendered":"<p>Agust\u00edn de Saralegui P\u00e9rez Ecoembes \u2013 Product Owner especialitzat en Empreses de Serveis Mediambientals 1. Com a Product Owner d\u2019Ecoembes, com converteixes una idea inicial en una aplicaci\u00f3 que incentivi el reciclatge i la protecci\u00f3 dels oceans? Comencem identificant el problema, ja que encara hi ha persones que no reciclen tots els envasos dels productes que consumeixen. A partir d\u2019aqu\u00ed, i recolzats en la tecnologia i en els principis de l\u2019economia conductual, la nostra proposta de valor consisteix en una [&hellip;]<\/p>\n","protected":false},"author":1,"featured_media":2616,"parent":3293,"menu_order":0,"comment_status":"closed","ping_status":"closed","template":"","meta":{"footnotes":""},"class_list":["post-4033","page","type-page","status-publish","has-post-thumbnail","hentry"],"_links":{"self":[{"href":"https:\/\/theoceanconnections.com\/ca\/wp-json\/wp\/v2\/pages\/4033","targetHints":{"allow":["GET"]}}],"collection":[{"href":"https:\/\/theoceanconnections.com\/ca\/wp-json\/wp\/v2\/pages"}],"about":[{"href":"https:\/\/theoceanconnections.com\/ca\/wp-json\/wp\/v2\/types\/page"}],"author":[{"embeddable":true,"href":"https:\/\/theoceanconnections.com\/ca\/wp-json\/wp\/v2\/users\/1"}],"replies":[{"embeddable":true,"href":"https:\/\/theoceanconnections.com\/ca\/wp-json\/wp\/v2\/comments?post=4033"}],"version-history":[{"count":5,"href":"https:\/\/theoceanconnections.com\/ca\/wp-json\/wp\/v2\/pages\/4033\/revisions"}],"predecessor-version":[{"id":4042,"href":"https:\/\/theoceanconnections.com\/ca\/wp-json\/wp\/v2\/pages\/4033\/revisions\/4042"}],"up":[{"embeddable":true,"href":"https:\/\/theoceanconnections.com\/ca\/wp-json\/wp\/v2\/pages\/3293"}],"wp:featuredmedia":[{"embeddable":true,"href":"https:\/\/theoceanconnections.com\/ca\/wp-json\/wp\/v2\/media\/2616"}],"wp:attachment":[{"href":"https:\/\/theoceanconnections.com\/ca\/wp-json\/wp\/v2\/media?parent=4033"}],"curies":[{"name":"wp","href":"https:\/\/api.w.org\/{rel}","templated":true}]}}