{"id":4007,"date":"2026-03-09T07:28:04","date_gmt":"2026-03-09T06:28:04","guid":{"rendered":"https:\/\/theoceanconnections.com\/?page_id=4007"},"modified":"2026-04-02T09:25:14","modified_gmt":"2026-04-02T07:25:14","slug":"omer-yurtseven","status":"publish","type":"page","link":"https:\/\/theoceanconnections.com\/ca\/entrevistas\/omer-yurtseven\/","title":{"rendered":"\u00d6mer Yurtseven"},"content":{"rendered":"<h1>\u00d6mer Yurtseven<\/h1>\n<p><img decoding=\"async\" loading=\"lazy\" src=\"https:\/\/theoceanconnections.com\/wp-content\/uploads\/2026\/03\/Omer-Yurtseven_HEADER.webp\"><noscript><img decoding=\"async\" src=\"https:\/\/theoceanconnections.com\/wp-content\/uploads\/2026\/03\/Omer-Yurtseven_HEADER.webp\"><\/noscript><\/p>\n<h2>Swish for Change<\/h2>\n<p>\u00d6mer Yurtseven va arribar on tot jove jugador de b\u00e0squet somia arribar: l\u2019NBA. I no a qualsevol equip, sin\u00f3 a un dels m\u00e9s ic\u00f2nics, els Miami Heat.<\/p>\n<p>Ara b\u00e9, aix\u00f2 ja seria un assoliment de vida suficient per a qualsevol atleta, per\u00f2 \u00d6mer no \u00e9s qualsevol atleta. \u00d6mer \u00e9s un gladiador que, fins i tot despr\u00e9s d\u2019aconseguir el que sembla impossible, va decidir anar a per m\u00e9s. El seu objectiu era contribuir a la sostenibilitat i eliminar el pl\u00e0stic de l\u2019oce\u00e0. Volia trobar una manera de connectar un problema com la contaminaci\u00f3 marina amb alguna cosa tan inspiradora com l\u2019esport.<\/p>\n<p>Aix\u00ed va ser com el 2023 va crear <strong>Swish for Change<\/strong>, una plataforma que recupera xarxes de pesca rebutjades, trencades i abandonades de l\u2019oce\u00e0, i les restaura per convertir-les en xarxes de b\u00e0squet.<\/p>\n<p>Aquesta iniciativa va transformar \u00d6mer en un \u201cstorydoer\u201d: alg\u00fa les accions del qual inspiren i generen un canvi real. I \u00e9s per aix\u00f2 que avui, \u00d6mer Yurtseven i <strong>Swish for Change<\/strong> formen part de The Ocean Connections, la primera comunitat de l\u00edders que estan prenent acci\u00f3 pels oceans.<\/p>\n<p><img decoding=\"async\" loading=\"lazy\" src=\"https:\/\/news.theoceanconnections.com\/wp-content\/uploads\/2026\/03\/Swish-for-change_video.webp\"><noscript><img decoding=\"async\" src=\"https:\/\/news.theoceanconnections.com\/wp-content\/uploads\/2026\/03\/Swish-for-change_video.webp\"><\/noscript><\/p>\n<h2><strong>Submergeix-te en totes les entrevistes<\/strong><\/h2>\n","protected":false},"excerpt":{"rendered":"<p>\u00d6mer Yurtseven Swish for Change \u00d6mer Yurtseven va arribar on tot jove jugador de b\u00e0squet somia arribar: l\u2019NBA. I no a qualsevol equip, sin\u00f3 a un dels m\u00e9s ic\u00f2nics, els Miami Heat. Ara b\u00e9, aix\u00f2 ja seria un assoliment de vida suficient per a qualsevol atleta, per\u00f2 \u00d6mer no \u00e9s qualsevol atleta. \u00d6mer \u00e9s un gladiador que, fins i tot despr\u00e9s d\u2019aconseguir el que sembla impossible, va decidir anar a per m\u00e9s. El seu objectiu era contribuir a la sostenibilitat [&hellip;]<\/p>\n","protected":false},"author":1,"featured_media":3333,"parent":3293,"menu_order":0,"comment_status":"closed","ping_status":"closed","template":"","meta":{"footnotes":""},"class_list":["post-4007","page","type-page","status-publish","has-post-thumbnail","hentry"],"_links":{"self":[{"href":"https:\/\/theoceanconnections.com\/ca\/wp-json\/wp\/v2\/pages\/4007","targetHints":{"allow":["GET"]}}],"collection":[{"href":"https:\/\/theoceanconnections.com\/ca\/wp-json\/wp\/v2\/pages"}],"about":[{"href":"https:\/\/theoceanconnections.com\/ca\/wp-json\/wp\/v2\/types\/page"}],"author":[{"embeddable":true,"href":"https:\/\/theoceanconnections.com\/ca\/wp-json\/wp\/v2\/users\/1"}],"replies":[{"embeddable":true,"href":"https:\/\/theoceanconnections.com\/ca\/wp-json\/wp\/v2\/comments?post=4007"}],"version-history":[{"count":7,"href":"https:\/\/theoceanconnections.com\/ca\/wp-json\/wp\/v2\/pages\/4007\/revisions"}],"predecessor-version":[{"id":4023,"href":"https:\/\/theoceanconnections.com\/ca\/wp-json\/wp\/v2\/pages\/4007\/revisions\/4023"}],"up":[{"embeddable":true,"href":"https:\/\/theoceanconnections.com\/ca\/wp-json\/wp\/v2\/pages\/3293"}],"wp:featuredmedia":[{"embeddable":true,"href":"https:\/\/theoceanconnections.com\/ca\/wp-json\/wp\/v2\/media\/3333"}],"wp:attachment":[{"href":"https:\/\/theoceanconnections.com\/ca\/wp-json\/wp\/v2\/media?parent=4007"}],"curies":[{"name":"wp","href":"https:\/\/api.w.org\/{rel}","templated":true}]}}