{"id":3996,"date":"2026-03-04T11:35:05","date_gmt":"2026-03-04T10:35:05","guid":{"rendered":"https:\/\/theoceanconnections.com\/?page_id=3996"},"modified":"2026-04-04T05:17:14","modified_gmt":"2026-04-04T03:17:14","slug":"adrian-esteve","status":"publish","type":"page","link":"https:\/\/theoceanconnections.com\/ca\/entrevistas\/adrian-esteve\/","title":{"rendered":"Adria\u0301n Esteve"},"content":{"rendered":"<h1><strong>Adri\u00e1n Esteve<\/strong><\/h1>\n<p><img decoding=\"async\" loading=\"lazy\" src=\"https:\/\/theoceanconnections.com\/wp-content\/uploads\/2026\/03\/Adrian-Esteve-Header.webp\"><noscript><img decoding=\"async\" src=\"https:\/\/theoceanconnections.com\/wp-content\/uploads\/2026\/03\/Adrian-Esteve-Header.webp\"><\/noscript><\/p>\n<h4><strong>Mes Que Surf &#8211; Connexi\u00f3 per a qui m\u00e9s necessita connectar.<\/strong><\/h4>\n<p>Adri\u00e1n Esteve \u00e9s psic\u00f2leg infantil i fundador de Mes Que Surf, una associaci\u00f3 que impulsa el desenvolupament de nens i nenes amb TEA (trastorns de l\u2019espectre autista) a trav\u00e9s de la pr\u00e0ctica del surf i el contacte amb la natura.<\/p>\n<p>Adri\u00e1n i Mes Que Surf ja formen part de The Ocean Connections. Els l\u00edders del canvi sostenible ja s\u00f3n a bord de la primera comunitat del m\u00f3n en acci\u00f3 pels oceans.<\/p>\n<p>M\u00e9s informaci\u00f3 a: <a href=\"http:\/\/www.mesquesurf.com\" rel=\"\">www.mesquesurf.com<\/a><\/p>\n<p><img decoding=\"async\" loading=\"lazy\" src=\"https:\/\/news.theoceanconnections.com\/wp-content\/uploads\/2026\/03\/hf_20260202_092826_6567e730-07f7-4829-bd57-96aa015c94ee-2.webp\"><noscript><img decoding=\"async\" src=\"https:\/\/news.theoceanconnections.com\/wp-content\/uploads\/2026\/03\/hf_20260202_092826_6567e730-07f7-4829-bd57-96aa015c94ee-2.webp\"><\/noscript><\/p>\n<h2><strong>Qu\u00e8 et converteix en un Blue Storydoer?<\/strong><\/h2>\n<h2><strong>Submergeix-te en totes les entrevistes<\/strong><\/h2>\n","protected":false},"excerpt":{"rendered":"<p>Adri\u00e1n Esteve Mes Que Surf &#8211; Connexi\u00f3 per a qui m\u00e9s necessita connectar. Adri\u00e1n Esteve \u00e9s psic\u00f2leg infantil i fundador de Mes Que Surf, una associaci\u00f3 que impulsa el desenvolupament de nens i nenes amb TEA (trastorns de l\u2019espectre autista) a trav\u00e9s de la pr\u00e0ctica del surf i el contacte amb la natura. Adri\u00e1n i Mes Que Surf ja formen part de The Ocean Connections. Els l\u00edders del canvi sostenible ja s\u00f3n a bord de la primera comunitat del m\u00f3n [&hellip;]<\/p>\n","protected":false},"author":1,"featured_media":2613,"parent":3293,"menu_order":0,"comment_status":"closed","ping_status":"closed","template":"","meta":{"footnotes":""},"class_list":["post-3996","page","type-page","status-publish","has-post-thumbnail","hentry"],"_links":{"self":[{"href":"https:\/\/theoceanconnections.com\/ca\/wp-json\/wp\/v2\/pages\/3996","targetHints":{"allow":["GET"]}}],"collection":[{"href":"https:\/\/theoceanconnections.com\/ca\/wp-json\/wp\/v2\/pages"}],"about":[{"href":"https:\/\/theoceanconnections.com\/ca\/wp-json\/wp\/v2\/types\/page"}],"author":[{"embeddable":true,"href":"https:\/\/theoceanconnections.com\/ca\/wp-json\/wp\/v2\/users\/1"}],"replies":[{"embeddable":true,"href":"https:\/\/theoceanconnections.com\/ca\/wp-json\/wp\/v2\/comments?post=3996"}],"version-history":[{"count":4,"href":"https:\/\/theoceanconnections.com\/ca\/wp-json\/wp\/v2\/pages\/3996\/revisions"}],"predecessor-version":[{"id":4045,"href":"https:\/\/theoceanconnections.com\/ca\/wp-json\/wp\/v2\/pages\/3996\/revisions\/4045"}],"up":[{"embeddable":true,"href":"https:\/\/theoceanconnections.com\/ca\/wp-json\/wp\/v2\/pages\/3293"}],"wp:featuredmedia":[{"embeddable":true,"href":"https:\/\/theoceanconnections.com\/ca\/wp-json\/wp\/v2\/media\/2613"}],"wp:attachment":[{"href":"https:\/\/theoceanconnections.com\/ca\/wp-json\/wp\/v2\/media?parent=3996"}],"curies":[{"name":"wp","href":"https:\/\/api.w.org\/{rel}","templated":true}]}}