{"id":3268,"date":"2026-03-02T08:15:30","date_gmt":"2026-03-02T07:15:30","guid":{"rendered":"https:\/\/news.theoceanconnections.com\/?page_id=3268"},"modified":"2026-04-30T08:04:31","modified_gmt":"2026-04-30T06:04:31","slug":"sobre-nosaltres","status":"publish","type":"page","link":"https:\/\/theoceanconnections.com\/ca\/sobre-nosaltres\/","title":{"rendered":"Sobre nosaltres"},"content":{"rendered":"<h1><strong>SOBRE NOSALTRES<\/strong><\/h1>\n<p><img decoding=\"async\" loading=\"lazy\" src=\"https:\/\/theoceanconnections.com\/wp-content\/uploads\/2026\/03\/the-ocean-connections.webp\"><noscript><img decoding=\"async\" src=\"https:\/\/theoceanconnections.com\/wp-content\/uploads\/2026\/03\/the-ocean-connections.webp\"><\/noscript><\/p>\n<p><\/p>\n<p>Cada dia sorgeixen m\u00e9s projectes per protegir i regenerar els oceans. Tanmateix, molts no aconsegueixen la visibilitat que mereixen ni saben explicar el que fan d\u2019una manera atractiva, inspiradora i realment connectada amb les seves audi\u00e8ncies. Aix\u00ed, es queden sense l\u2019impuls d\u2019una comunitat m\u00e9s gran i participativa i, amb aix\u00f2, sense l\u2019oportunitat d\u2019accedir a l\u2019espai m\u00e9s privilegiat: el que ocupen els generadors de cultura.<\/p>\n<p><img decoding=\"async\" loading=\"lazy\" src=\"https:\/\/news.theoceanconnections.com\/wp-content\/uploads\/2026\/03\/WebP-Image-2.webp\"><noscript><img decoding=\"async\" src=\"https:\/\/news.theoceanconnections.com\/wp-content\/uploads\/2026\/03\/WebP-Image-2.webp\"><\/noscript><\/p>\n<h3><strong>DEL STORYTELLING AL BLUE STORYDOING<\/strong><\/h3>\n<p>Generar cultura no \u00e9s m\u00e0gia, necessita un m\u00e8tode que fusioni data, tecnologia i recursos humans mobilitzats per l\u2019acci\u00f3 real per generar diferenciaci\u00f3, engagement, credibilitat i amplificaci\u00f3. Passar del Storytelling al Blue Storydoing \u00e9s passar d\u2019explicar hist\u00f2ries a l\u2019acci\u00f3. Es tracta de convertir el que tenim per explicar en experi\u00e8ncies mesurables, amb impacte real dins d\u2019una nova i m\u00e9s gran cultura: la Blue Economy.<\/p>\n<p>Aquest enfocament ja ha estat reconegut i validat internacionalment: The Ocean Connections va ser premiada als Anthem Awards, els guardons m\u00e9s rellevants del m\u00f3n en sostenibilitat, i dins de la plataforma, el projecte Flama Circular tamb\u00e9 va ser premiat, obtenint aix\u00ed un total d\u2019un Or, una Plata i dos Bronzes.<\/p>\n<p>A The Ocean Connections creem contingut inspirador, amb impacte real i cultural: documentals, entrevistes i idees de comunicaci\u00f3 i acci\u00f3 en sintonia amb la Blue Economy, amb seu a Barcelona, ciutat escollida per la UNESCO com a hub d\u2019una economia que visibilitza i reconeix el valor dels oceans com a motor de desenvolupament sostenible, innovaci\u00f3 i benestar social.<\/p>\n<p><img decoding=\"async\" loading=\"lazy\" src=\"https:\/\/news.theoceanconnections.com\/wp-content\/uploads\/2026\/03\/WebP-Image-1.webp\"><noscript><img decoding=\"async\" src=\"https:\/\/news.theoceanconnections.com\/wp-content\/uploads\/2026\/03\/WebP-Image-1.webp\"><\/noscript><\/p>\n","protected":false},"excerpt":{"rendered":"<p>SOBRE NOSALTRES Cada dia sorgeixen m\u00e9s projectes per protegir i regenerar els oceans. Tanmateix, molts no aconsegueixen la visibilitat que mereixen ni saben explicar el que fan d\u2019una manera atractiva, inspiradora i realment connectada amb les seves audi\u00e8ncies. Aix\u00ed, es queden sense l\u2019impuls d\u2019una comunitat m\u00e9s gran i participativa i, amb aix\u00f2, sense l\u2019oportunitat d\u2019accedir a l\u2019espai m\u00e9s privilegiat: el que ocupen els generadors de cultura. DEL STORYTELLING AL BLUE STORYDOING Generar cultura no \u00e9s m\u00e0gia, necessita un m\u00e8tode que [&hellip;]<\/p>\n","protected":false},"author":1,"featured_media":2382,"parent":0,"menu_order":0,"comment_status":"closed","ping_status":"closed","template":"","meta":{"footnotes":""},"class_list":["post-3268","page","type-page","status-publish","has-post-thumbnail","hentry"],"_links":{"self":[{"href":"https:\/\/theoceanconnections.com\/ca\/wp-json\/wp\/v2\/pages\/3268","targetHints":{"allow":["GET"]}}],"collection":[{"href":"https:\/\/theoceanconnections.com\/ca\/wp-json\/wp\/v2\/pages"}],"about":[{"href":"https:\/\/theoceanconnections.com\/ca\/wp-json\/wp\/v2\/types\/page"}],"author":[{"embeddable":true,"href":"https:\/\/theoceanconnections.com\/ca\/wp-json\/wp\/v2\/users\/1"}],"replies":[{"embeddable":true,"href":"https:\/\/theoceanconnections.com\/ca\/wp-json\/wp\/v2\/comments?post=3268"}],"version-history":[{"count":12,"href":"https:\/\/theoceanconnections.com\/ca\/wp-json\/wp\/v2\/pages\/3268\/revisions"}],"predecessor-version":[{"id":4512,"href":"https:\/\/theoceanconnections.com\/ca\/wp-json\/wp\/v2\/pages\/3268\/revisions\/4512"}],"wp:featuredmedia":[{"embeddable":true,"href":"https:\/\/theoceanconnections.com\/ca\/wp-json\/wp\/v2\/media\/2382"}],"wp:attachment":[{"href":"https:\/\/theoceanconnections.com\/ca\/wp-json\/wp\/v2\/media?parent=3268"}],"curies":[{"name":"wp","href":"https:\/\/api.w.org\/{rel}","templated":true}]}}